{"id":869,"date":"2022-07-03T11:35:02","date_gmt":"2022-07-03T09:35:02","guid":{"rendered":"https:\/\/pff.design-op.com\/?page_id=869"},"modified":"2023-07-04T15:49:41","modified_gmt":"2023-07-04T13:49:41","slug":"hilfsprojekte","status":"publish","type":"page","link":"https:\/\/pffchurch.net\/de\/dienste\/hilfsprojekte\/","title":{"rendered":"HILFSPROJEKTE"},"content":{"rendered":"\t\t<div data-elementor-type=\"wp-page\" data-elementor-id=\"869\" class=\"elementor elementor-869 elementor-541\" data-elementor-post-type=\"page\">\n\t\t\t\t\t\t<section class=\"elementor-section elementor-top-section elementor-element elementor-element-98d41d8 elementor-section-boxed elementor-section-height-default elementor-section-height-default\" data-id=\"98d41d8\" data-element_type=\"section\" data-e-type=\"section\">\n\t\t\t\t\t\t<div class=\"elementor-container elementor-column-gap-no\">\n\t\t\t\t\t<div class=\"elementor-column elementor-col-50 elementor-top-column elementor-element elementor-element-994b9c6\" data-id=\"994b9c6\" data-element_type=\"column\" data-e-type=\"column\" data-settings=\"{&quot;background_background&quot;:&quot;classic&quot;}\">\n\t\t\t<div class=\"elementor-widget-wrap elementor-element-populated\">\n\t\t\t\t\t\t<div class=\"elementor-element elementor-element-1762b42 elementor-widget elementor-widget-image\" data-id=\"1762b42\" data-element_type=\"widget\" data-e-type=\"widget\" data-widget_type=\"image.default\">\n\t\t\t\t<div class=\"elementor-widget-container\">\n\t\t\t\t\t\t\t\t\t\t\t\t\t\t\t<img fetchpriority=\"high\" decoding=\"async\" width=\"731\" height=\"415\" src=\"https:\/\/pffchurch.net\/wp-content\/uploads\/2023\/07\/Wohltaten.jpg\" class=\"attachment-large size-large wp-image-2264\" alt=\"\" srcset=\"https:\/\/pffchurch.net\/wp-content\/uploads\/2023\/07\/Wohltaten.jpg 731w, https:\/\/pffchurch.net\/wp-content\/uploads\/2023\/07\/Wohltaten-300x170.jpg 300w\" sizes=\"(max-width: 731px) 100vw, 731px\" \/>\t\t\t\t\t\t\t\t\t\t\t\t\t\t\t<\/div>\n\t\t\t\t<\/div>\n\t\t\t\t<section class=\"elementor-section elementor-inner-section elementor-element elementor-element-3d05516 elementor-section-full_width elementor-section-height-default elementor-section-height-default\" data-id=\"3d05516\" data-element_type=\"section\" data-e-type=\"section\">\n\t\t\t\t\t\t<div class=\"elementor-container elementor-column-gap-default\">\n\t\t\t\t\t<div class=\"elementor-column elementor-col-50 elementor-inner-column elementor-element elementor-element-f5f62af\" data-id=\"f5f62af\" data-element_type=\"column\" data-e-type=\"column\">\n\t\t\t<div class=\"elementor-widget-wrap elementor-element-populated\">\n\t\t\t\t\t\t<div class=\"elementor-element elementor-element-7593589 elementor-widget elementor-widget-text-editor\" data-id=\"7593589\" data-element_type=\"widget\" data-e-type=\"widget\" data-widget_type=\"text-editor.default\">\n\t\t\t\t<div class=\"elementor-widget-container\">\n\t\t\t\t\t\t\t\t\tLAIB &#038; SEELE\n\n\t\t\t\t\t\t\t\t<\/div>\n\t\t\t\t<\/div>\n\t\t\t\t<div class=\"elementor-element elementor-element-9015442 elementor-widget elementor-widget-text-editor\" data-id=\"9015442\" data-element_type=\"widget\" data-e-type=\"widget\" data-widget_type=\"text-editor.default\">\n\t\t\t\t<div class=\"elementor-widget-container\">\n\t\t\t\t\t\t\t\t\tLAIB &#038; SEELE ist eine Aktion der Berliner Tafel, mehrerer Kirchen und des RBB. Seit 2004 bieten die Berliner Tafel und mehrere Kirchengemeinden Ausgabestellen an, in denen bed\u00fcrftige Menschen Lebensmittel erhalten k\u00f6nnen.\t\t\t\t\t\t\t\t<\/div>\n\t\t\t\t<\/div>\n\t\t\t\t<div class=\"elementor-element elementor-element-ef56481 elementor-widget elementor-widget-text-editor\" data-id=\"ef56481\" data-element_type=\"widget\" data-e-type=\"widget\" data-widget_type=\"text-editor.default\">\n\t\t\t\t<div class=\"elementor-widget-container\">\n\t\t\t\t\t\t\t\t\tMittlerweile gibt es 46 Ausgabestellen in der ganzen Stadt mit 1.600 Ehrenamtlichen, Woche f\u00fcr Woche die Ausgabe organisieren.\n\nSie m\u00f6chten, dass es Menschen mit wenig Geld etwas leichter haben und verteilen nicht nur den LAIB Brot, sondern sind auch f\u00fcr die SEELE da. Heute unterst\u00fctzt die LAIB &#038; SEELE insgesamt 40.000 Bed\u00fcrftige im Monat mit Lebensmitteln.\t\t\t\t\t\t\t\t<\/div>\n\t\t\t\t<\/div>\n\t\t\t\t<div class=\"elementor-element elementor-element-d889414 elementor-widget elementor-widget-text-editor\" data-id=\"d889414\" data-element_type=\"widget\" data-e-type=\"widget\" data-widget_type=\"text-editor.default\">\n\t\t\t\t<div class=\"elementor-widget-container\">\n\t\t\t\t\t\t\t\t\t<p>Die PFF Gemeinde sammelt Lebensmittel seit 2019, die Min. Martin zur Zentrale am Gro\u00dfmarkt Beusselstra\u00dfe bringt.<\/p><p>Weitere Informationen: <a href=\"https:\/\/www.berliner-tafel.de\">\u201dLaib&amp;Seele\u201d<\/a><\/p>\t\t\t\t\t\t\t\t<\/div>\n\t\t\t\t<\/div>\n\t\t\t\t\t<\/div>\n\t\t<\/div>\n\t\t\t\t<div class=\"elementor-column elementor-col-50 elementor-inner-column elementor-element elementor-element-6a250c8\" data-id=\"6a250c8\" data-element_type=\"column\" data-e-type=\"column\">\n\t\t\t<div class=\"elementor-widget-wrap elementor-element-populated\">\n\t\t\t\t\t\t<div class=\"elementor-element elementor-element-46c30e2 elementor-widget elementor-widget-image\" data-id=\"46c30e2\" data-element_type=\"widget\" data-e-type=\"widget\" data-widget_type=\"image.default\">\n\t\t\t\t<div class=\"elementor-widget-container\">\n\t\t\t\t\t\t\t\t\t\t\t\t\t\t\t<img decoding=\"async\" width=\"150\" height=\"150\" src=\"https:\/\/pffchurch.net\/wp-content\/uploads\/2022\/07\/MartinNEW.jpg\" class=\"attachment-large size-large wp-image-639\" alt=\"\" \/>\t\t\t\t\t\t\t\t\t\t\t\t\t\t\t<\/div>\n\t\t\t\t<\/div>\n\t\t\t\t<div class=\"elementor-element elementor-element-cd0801c elementor-widget elementor-widget-text-editor\" data-id=\"cd0801c\" data-element_type=\"widget\" data-e-type=\"widget\" data-widget_type=\"text-editor.default\">\n\t\t\t\t<div class=\"elementor-widget-container\">\n\t\t\t\t\t\t\t\t\tMin. Martin Wuppermann\n\n\t\t\t\t\t\t\t\t<\/div>\n\t\t\t\t<\/div>\n\t\t\t\t\t<\/div>\n\t\t<\/div>\n\t\t\t\t\t<\/div>\n\t\t<\/section>\n\t\t\t\t\t<\/div>\n\t\t<\/div>\n\t\t\t\t<div class=\"elementor-column elementor-col-50 elementor-top-column elementor-element elementor-element-8073e52\" data-id=\"8073e52\" data-element_type=\"column\" data-e-type=\"column\">\n\t\t\t<div class=\"elementor-widget-wrap elementor-element-populated\">\n\t\t\t\t\t\t<section class=\"elementor-section elementor-inner-section elementor-element elementor-element-defb00e elementor-section-full_width elementor-section-height-default elementor-section-height-default\" data-id=\"defb00e\" data-element_type=\"section\" data-e-type=\"section\">\n\t\t\t\t\t\t<div class=\"elementor-container elementor-column-gap-default\">\n\t\t\t\t\t<div class=\"elementor-column elementor-col-50 elementor-inner-column elementor-element elementor-element-3fe7b6d\" data-id=\"3fe7b6d\" data-element_type=\"column\" data-e-type=\"column\">\n\t\t\t<div class=\"elementor-widget-wrap elementor-element-populated\">\n\t\t\t\t\t\t<div class=\"elementor-element elementor-element-e9d23e1 elementor-widget elementor-widget-image\" data-id=\"e9d23e1\" data-element_type=\"widget\" data-e-type=\"widget\" data-widget_type=\"image.default\">\n\t\t\t\t<div class=\"elementor-widget-container\">\n\t\t\t\t\t\t\t\t\t\t\t\t\t\t\t<img decoding=\"async\" width=\"150\" height=\"150\" src=\"https:\/\/pffchurch.net\/wp-content\/uploads\/2022\/07\/Marina.jpg\" class=\"attachment-large size-large wp-image-695\" alt=\"\" \/>\t\t\t\t\t\t\t\t\t\t\t\t\t\t\t<\/div>\n\t\t\t\t<\/div>\n\t\t\t\t<div class=\"elementor-element elementor-element-1bd5e39 elementor-widget elementor-widget-text-editor\" data-id=\"1bd5e39\" data-element_type=\"widget\" data-e-type=\"widget\" data-widget_type=\"text-editor.default\">\n\t\t\t\t<div class=\"elementor-widget-container\">\n\t\t\t\t\t\t\t\t\tSis. Marina Williams\n\n\t\t\t\t\t\t\t\t<\/div>\n\t\t\t\t<\/div>\n\t\t\t\t\t<\/div>\n\t\t<\/div>\n\t\t\t\t<div class=\"elementor-column elementor-col-50 elementor-inner-column elementor-element elementor-element-0d6843f\" data-id=\"0d6843f\" data-element_type=\"column\" data-e-type=\"column\">\n\t\t\t<div class=\"elementor-widget-wrap\">\n\t\t\t\t\t\t\t<\/div>\n\t\t<\/div>\n\t\t\t\t\t<\/div>\n\t\t<\/section>\n\t\t\t\t<div class=\"elementor-element elementor-element-2360ca6 elementor-widget elementor-widget-text-editor\" data-id=\"2360ca6\" data-element_type=\"widget\" data-e-type=\"widget\" data-widget_type=\"text-editor.default\">\n\t\t\t\t<div class=\"elementor-widget-container\">\n\t\t\t\t\t\t\t\t\tWEIHNACHTEN IM SCHUHKARTON\n\n\t\t\t\t\t\t\t\t<\/div>\n\t\t\t\t<\/div>\n\t\t\t\t<div class=\"elementor-element elementor-element-eb43a78 elementor-widget elementor-widget-text-editor\" data-id=\"eb43a78\" data-element_type=\"widget\" data-e-type=\"widget\" data-widget_type=\"text-editor.default\">\n\t\t\t\t<div class=\"elementor-widget-container\">\n\t\t\t\t\t\t\t\t\t&#8222;Weihnachten im Schuhkarton&#8220; ist ein Projekt von Samaritan&#8217;s Purse e.V., einer internationalen Hilfsorganisation.\n\nEin Schuhkartongeschenk transportiert die Botschaft:\n\nDu bist geliebt \u2013 von Gott und den Menschen&#8230;\t\t\t\t\t\t\t\t<\/div>\n\t\t\t\t<\/div>\n\t\t\t\t<div class=\"elementor-element elementor-element-3a86d7e elementor-widget elementor-widget-text-editor\" data-id=\"3a86d7e\" data-element_type=\"widget\" data-e-type=\"widget\" data-widget_type=\"text-editor.default\">\n\t\t\t\t<div class=\"elementor-widget-container\">\n\t\t\t\t\t\t\t\t\tDie Geschenkaktion ist eingebunden in ein soziales Netzwerk von lokalen Kirchengemeinden und Ehrenamtlichen, die langfristige Beziehungen zu den Kindern und ihren Familien aufbauen. Au\u00dferdem laden sie zur Teilnahme am Glaubenskurs \u201eDie gr\u00f6\u00dfte Reise\u201c ein, der dazu beitr\u00e4gt, dass die Kinder neue Hoffnung und Perspektive f\u00fcr ihr Leben erlangen. Die PFF Gemeinde engagiert sich seit 2017 in diesem Projekt.\t\t\t\t\t\t\t\t<\/div>\n\t\t\t\t<\/div>\n\t\t\t\t<div class=\"elementor-element elementor-element-0e4545b elementor-widget elementor-widget-text-editor\" data-id=\"0e4545b\" data-element_type=\"widget\" data-e-type=\"widget\" data-widget_type=\"text-editor.default\">\n\t\t\t\t<div class=\"elementor-widget-container\">\n\t\t\t\t\t\t\t\t\tWir sammeln \u00fcber das Jahr verteilt verschiedene Artikel und im November veranstalten die Frauen der Gemeinde eine Packparty, bei der sie die Schuhkartons bef\u00fcllen und anschlie\u00dfend in die Weihnachtswerkstatt bringen. Von dort aus werden sie nach Osteuropa gebracht und verteilt. Mehr Infos hier!\t\t\t\t\t\t\t\t<\/div>\n\t\t\t\t<\/div>\n\t\t\t\t<section class=\"elementor-section elementor-inner-section elementor-element elementor-element-f9142d9 elementor-section-full_width elementor-section-height-default elementor-section-height-default\" data-id=\"f9142d9\" data-element_type=\"section\" data-e-type=\"section\">\n\t\t\t\t\t\t<div class=\"elementor-container elementor-column-gap-default\">\n\t\t\t\t\t<div class=\"elementor-column elementor-col-100 elementor-inner-column elementor-element elementor-element-f41ec20\" data-id=\"f41ec20\" data-element_type=\"column\" data-e-type=\"column\">\n\t\t\t<div class=\"elementor-widget-wrap elementor-element-populated\">\n\t\t\t\t\t\t<div class=\"elementor-element elementor-element-1c1d4c2 elementor-widget elementor-widget-image\" data-id=\"1c1d4c2\" data-element_type=\"widget\" data-e-type=\"widget\" data-widget_type=\"image.default\">\n\t\t\t\t<div class=\"elementor-widget-container\">\n\t\t\t\t\t\t\t\t\t\t\t\t\t\t\t<img loading=\"lazy\" decoding=\"async\" width=\"150\" height=\"150\" src=\"https:\/\/pffchurch.net\/wp-content\/uploads\/2022\/07\/ClaudiaChalhoub.jpeg\" class=\"attachment-large size-large wp-image-792\" alt=\"\" \/>\t\t\t\t\t\t\t\t\t\t\t\t\t\t\t<\/div>\n\t\t\t\t<\/div>\n\t\t\t\t<div class=\"elementor-element elementor-element-2b992f8 elementor-widget elementor-widget-text-editor\" data-id=\"2b992f8\" data-element_type=\"widget\" data-e-type=\"widget\" data-widget_type=\"text-editor.default\">\n\t\t\t\t<div class=\"elementor-widget-container\">\n\t\t\t\t\t\t\t\t\tSis. Claudia Chalhoub\n\n\t\t\t\t\t\t\t\t<\/div>\n\t\t\t\t<\/div>\n\t\t\t\t\t<\/div>\n\t\t<\/div>\n\t\t\t\t\t<\/div>\n\t\t<\/section>\n\t\t\t\t<section class=\"elementor-section elementor-inner-section elementor-element elementor-element-455f811 elementor-section-full_width elementor-section-height-default elementor-section-height-default\" data-id=\"455f811\" data-element_type=\"section\" data-e-type=\"section\">\n\t\t\t\t\t\t<div class=\"elementor-container elementor-column-gap-default\">\n\t\t\t\t\t<div class=\"elementor-column elementor-col-100 elementor-inner-column elementor-element elementor-element-9122083\" data-id=\"9122083\" data-element_type=\"column\" data-e-type=\"column\">\n\t\t\t<div class=\"elementor-widget-wrap elementor-element-populated\">\n\t\t\t\t\t\t<div class=\"elementor-element elementor-element-42d1ef9 elementor-widget elementor-widget-text-editor\" data-id=\"42d1ef9\" data-element_type=\"widget\" data-e-type=\"widget\" data-widget_type=\"text-editor.default\">\n\t\t\t\t<div class=\"elementor-widget-container\">\n\t\t\t\t\t\t\t\t\tHAITICARE E.V.\n\n\t\t\t\t\t\t\t\t<\/div>\n\t\t\t\t<\/div>\n\t\t\t\t<div class=\"elementor-element elementor-element-5e87251 elementor-widget elementor-widget-text-editor\" data-id=\"5e87251\" data-element_type=\"widget\" data-e-type=\"widget\" data-widget_type=\"text-editor.default\">\n\t\t\t\t<div class=\"elementor-widget-container\">\n\t\t\t\t\t\t\t\t\tEine kleine Hilfsorganisation, engagiert, sehr pers\u00f6nlich und das seit Jahrzehnten.\n\nDas Ehepaar Kaasch gibt nicht auf.\n\nSie haben HaitiCare e.V. vor circa 25 Jahren ins Leben gerufen, zahlreiche St\u00fcrme, R\u00fcckschl\u00e4ge, Entmutigungen hinnehmen m\u00fcssen und dennoch: nichts kann sie aufhalten, ihrem Wunsch, den Menschen auf Haiti zu helfen, mit gro\u00dfer Hingabe nachzukommen. Beeindruckend!\t\t\t\t\t\t\t\t<\/div>\n\t\t\t\t<\/div>\n\t\t\t\t<div class=\"elementor-element elementor-element-0be6de2 elementor-widget elementor-widget-text-editor\" data-id=\"0be6de2\" data-element_type=\"widget\" data-e-type=\"widget\" data-widget_type=\"text-editor.default\">\n\t\t\t\t<div class=\"elementor-widget-container\">\n\t\t\t\t\t\t\t\t\tDie PFF-Gemeinde unterst\u00fctzt HaitiCare e.V. seit vielen Jahren. Durch den Verkauf von gespendeten B\u00fcchern w\u00e4hrend des Sommerfestes oder dem Verkauf von selbst gebackenen Weihnachtspl\u00e4tzchen in der Vorweihnachtszeit, das Geld wurde von der Gemeinde f\u00fcr die Menschen auf HaitiCare gespendet. Zu 100 Prozent!\t\t\t\t\t\t\t\t<\/div>\n\t\t\t\t<\/div>\n\t\t\t\t<div class=\"elementor-element elementor-element-60599a6 elementor-widget elementor-widget-text-editor\" data-id=\"60599a6\" data-element_type=\"widget\" data-e-type=\"widget\" data-widget_type=\"text-editor.default\">\n\t\t\t\t<div class=\"elementor-widget-container\">\n\t\t\t\t\t\t\t\t\t<p>Aber auch jede(r) einzelne kann helfen, durch einmalige Spenden, Geld f\u00fcr Sachspenden oder durch die \u00dcbernahme eine Patenschaft. Sis. Claudia h\u00e4lt den Kontakt zu HaitiCare.<br \/>Hier k\u00f6nnt Ihr euch informieren: <a style=\"text-decoration: none;\" href=\"https:\/\/haiticare.de\/\">&#8222;HaitiCare e.V.&#8220;<\/a>.<\/p>\t\t\t\t\t\t\t\t<\/div>\n\t\t\t\t<\/div>\n\t\t\t\t\t<\/div>\n\t\t<\/div>\n\t\t\t\t\t<\/div>\n\t\t<\/section>\n\t\t\t\t<section class=\"elementor-section elementor-inner-section elementor-element elementor-element-eb38a34 elementor-section-boxed elementor-section-height-default elementor-section-height-default\" data-id=\"eb38a34\" data-element_type=\"section\" data-e-type=\"section\">\n\t\t\t\t\t\t<div class=\"elementor-container elementor-column-gap-default\">\n\t\t\t\t\t<div class=\"elementor-column elementor-col-100 elementor-inner-column elementor-element elementor-element-8494abc\" data-id=\"8494abc\" data-element_type=\"column\" data-e-type=\"column\" data-settings=\"{&quot;background_background&quot;:&quot;classic&quot;}\">\n\t\t\t<div class=\"elementor-widget-wrap elementor-element-populated\">\n\t\t\t\t\t\t<div class=\"elementor-element elementor-element-0b1e509 elementor-widget elementor-widget-text-editor\" data-id=\"0b1e509\" data-element_type=\"widget\" data-e-type=\"widget\" data-widget_type=\"text-editor.default\">\n\t\t\t\t<div class=\"elementor-widget-container\">\n\t\t\t\t\t\t\t\t\t<span style=\"background-color: #eaeaea; color: #ab1842; font-size: 15px; font-weight: bold;\">JENNY DE LA TORRE FOUNDATION\n<\/span>Jahrelang haben wir f\u00fcr die Kleiderkammer der Jenny de la Torre Stiftung gesammelt. Wenn Sie noch etwas spenden m\u00f6chten, wenden Sie sich bitte direkt an die <a style=\"text-decoration-line: none;\" href=\"https:\/\/www.delatorre-stiftung.de\/spenden-und-helfen.html\" target=\"_blank\" rel=\"noopener\">Stiftung<\/a>\n\t\t\t\t\t\t\t\t<\/div>\n\t\t\t\t<\/div>\n\t\t\t\t\t<\/div>\n\t\t<\/div>\n\t\t\t\t\t<\/div>\n\t\t<\/section>\n\t\t\t\t\t<\/div>\n\t\t<\/div>\n\t\t\t\t\t<\/div>\n\t\t<\/section>\n\t\t\t\t<\/div>\n\t\t","protected":false},"excerpt":{"rendered":"<p>LAIB &#038; SEELE LAIB &#038; SEELE ist eine Aktion der Berliner Tafel, mehrerer Kirchen und des RBB. Seit 2004 bieten die Berliner Tafel und mehrere Kirchengemeinden Ausgabestellen an, in denen bed\u00fcrftige Menschen Lebensmittel erhalten k\u00f6nnen.Mittlerweile gibt es 46 Ausgabestellen in der ganzen Stadt mit 1.600 Ehrenamtlichen, Woche f\u00fcr Woche die Ausgabe organisieren. Sie m\u00f6chten, dass [&hellip;]<\/p>\n","protected":false},"author":1,"featured_media":0,"parent":387,"menu_order":0,"comment_status":"closed","ping_status":"closed","template":"","meta":{"site-sidebar-layout":"no-sidebar","site-content-layout":"page-builder","ast-site-content-layout":"default","site-content-style":"default","site-sidebar-style":"default","ast-global-header-display":"","ast-banner-title-visibility":"","ast-main-header-display":"","ast-hfb-above-header-display":"","ast-hfb-below-header-display":"","ast-hfb-mobile-header-display":"","site-post-title":"disabled","ast-breadcrumbs-content":"","ast-featured-img":"disabled","footer-sml-layout":"","ast-disable-related-posts":"","theme-transparent-header-meta":"default","adv-header-id-meta":"","stick-header-meta":"","header-above-stick-meta":"","header-main-stick-meta":"","header-below-stick-meta":"","astra-migrate-meta-layouts":"default","ast-page-background-enabled":"default","ast-page-background-meta":{"desktop":{"background-color":"var(--ast-global-color-4)","background-image":"","background-repeat":"repeat","background-position":"center center","background-size":"auto","background-attachment":"scroll","background-type":"","background-media":"","overlay-type":"","overlay-color":"","overlay-opacity":"","overlay-gradient":""},"tablet":{"background-color":"","background-image":"","background-repeat":"repeat","background-position":"center center","background-size":"auto","background-attachment":"scroll","background-type":"","background-media":"","overlay-type":"","overlay-color":"","overlay-opacity":"","overlay-gradient":""},"mobile":{"background-color":"","background-image":"","background-repeat":"repeat","background-position":"center center","background-size":"auto","background-attachment":"scroll","background-type":"","background-media":"","overlay-type":"","overlay-color":"","overlay-opacity":"","overlay-gradient":""}},"ast-content-background-meta":{"desktop":{"background-color":"var(--ast-global-color-5)","background-image":"","background-repeat":"repeat","background-position":"center center","background-size":"auto","background-attachment":"scroll","background-type":"","background-media":"","overlay-type":"","overlay-color":"","overlay-opacity":"","overlay-gradient":""},"tablet":{"background-color":"var(--ast-global-color-5)","background-image":"","background-repeat":"repeat","background-position":"center center","background-size":"auto","background-attachment":"scroll","background-type":"","background-media":"","overlay-type":"","overlay-color":"","overlay-opacity":"","overlay-gradient":""},"mobile":{"background-color":"var(--ast-global-color-5)","background-image":"","background-repeat":"repeat","background-position":"center center","background-size":"auto","background-attachment":"scroll","background-type":"","background-media":"","overlay-type":"","overlay-color":"","overlay-opacity":"","overlay-gradient":""}},"footnotes":""},"class_list":["post-869","page","type-page","status-publish","hentry"],"_links":{"self":[{"href":"https:\/\/pffchurch.net\/de\/wp-json\/wp\/v2\/pages\/869","targetHints":{"allow":["GET"]}}],"collection":[{"href":"https:\/\/pffchurch.net\/de\/wp-json\/wp\/v2\/pages"}],"about":[{"href":"https:\/\/pffchurch.net\/de\/wp-json\/wp\/v2\/types\/page"}],"author":[{"embeddable":true,"href":"https:\/\/pffchurch.net\/de\/wp-json\/wp\/v2\/users\/1"}],"replies":[{"embeddable":true,"href":"https:\/\/pffchurch.net\/de\/wp-json\/wp\/v2\/comments?post=869"}],"version-history":[{"count":5,"href":"https:\/\/pffchurch.net\/de\/wp-json\/wp\/v2\/pages\/869\/revisions"}],"predecessor-version":[{"id":2530,"href":"https:\/\/pffchurch.net\/de\/wp-json\/wp\/v2\/pages\/869\/revisions\/2530"}],"up":[{"embeddable":true,"href":"https:\/\/pffchurch.net\/de\/wp-json\/wp\/v2\/pages\/387"}],"wp:attachment":[{"href":"https:\/\/pffchurch.net\/de\/wp-json\/wp\/v2\/media?parent=869"}],"curies":[{"name":"wp","href":"https:\/\/api.w.org\/{rel}","templated":true}]}}