{"id":865,"date":"2022-07-03T11:34:36","date_gmt":"2022-07-03T09:34:36","guid":{"rendered":"https:\/\/pff.design-op.com\/?page_id=865"},"modified":"2023-07-04T15:43:46","modified_gmt":"2023-07-04T13:43:46","slug":"gastlichkeit","status":"publish","type":"page","link":"https:\/\/pffchurch.net\/de\/dienste\/gastlichkeit\/","title":{"rendered":"GASTLICHKEIT"},"content":{"rendered":"\t\t<div data-elementor-type=\"wp-page\" data-elementor-id=\"865\" class=\"elementor elementor-865 elementor-537\" data-elementor-post-type=\"page\">\n\t\t\t\t\t\t<section class=\"elementor-section elementor-top-section elementor-element elementor-element-5359ef4 elementor-section-boxed elementor-section-height-default elementor-section-height-default\" data-id=\"5359ef4\" data-element_type=\"section\" data-e-type=\"section\">\n\t\t\t\t\t\t<div class=\"elementor-container elementor-column-gap-no\">\n\t\t\t\t\t<div class=\"elementor-column elementor-col-50 elementor-top-column elementor-element elementor-element-9829bd0\" data-id=\"9829bd0\" data-element_type=\"column\" data-e-type=\"column\" data-settings=\"{&quot;background_background&quot;:&quot;classic&quot;}\">\n\t\t\t<div class=\"elementor-widget-wrap elementor-element-populated\">\n\t\t\t\t\t\t<section class=\"elementor-section elementor-inner-section elementor-element elementor-element-f7d0d27 elementor-section-boxed elementor-section-height-default elementor-section-height-default\" data-id=\"f7d0d27\" data-element_type=\"section\" data-e-type=\"section\" data-settings=\"{&quot;background_background&quot;:&quot;classic&quot;}\">\n\t\t\t\t\t\t<div class=\"elementor-container elementor-column-gap-no\">\n\t\t\t\t\t<div class=\"elementor-column elementor-col-100 elementor-inner-column elementor-element elementor-element-4a627e4\" data-id=\"4a627e4\" data-element_type=\"column\" data-e-type=\"column\">\n\t\t\t<div class=\"elementor-widget-wrap elementor-element-populated\">\n\t\t\t\t\t\t<div class=\"elementor-element elementor-element-bed0800 elementor-widget elementor-widget-image\" data-id=\"bed0800\" data-element_type=\"widget\" data-e-type=\"widget\" data-widget_type=\"image.default\">\n\t\t\t\t<div class=\"elementor-widget-container\">\n\t\t\t\t\t\t\t\t\t\t\t\t\t\t\t<img fetchpriority=\"high\" decoding=\"async\" width=\"731\" height=\"415\" src=\"https:\/\/pffchurch.net\/wp-content\/uploads\/2023\/07\/Gastlichkeit.jpg\" class=\"attachment-full size-full wp-image-2268\" alt=\"\" srcset=\"https:\/\/pffchurch.net\/wp-content\/uploads\/2023\/07\/Gastlichkeit.jpg 731w, https:\/\/pffchurch.net\/wp-content\/uploads\/2023\/07\/Gastlichkeit-300x170.jpg 300w\" sizes=\"(max-width: 731px) 100vw, 731px\" \/>\t\t\t\t\t\t\t\t\t\t\t\t\t\t\t<\/div>\n\t\t\t\t<\/div>\n\t\t\t\t<div class=\"elementor-element elementor-element-88e7cef elementor-widget elementor-widget-text-editor\" data-id=\"88e7cef\" data-element_type=\"widget\" data-e-type=\"widget\" data-widget_type=\"text-editor.default\">\n\t\t\t\t<div class=\"elementor-widget-container\">\n\t\t\t\t\t\t\t\t\tPLANUNGSDIENST (PAM)\n\n\t\t\t\t\t\t\t\t<\/div>\n\t\t\t\t<\/div>\n\t\t\t\t<div class=\"elementor-element elementor-element-db9125d elementor-widget elementor-widget-text-editor\" data-id=\"db9125d\" data-element_type=\"widget\" data-e-type=\"widget\" data-widget_type=\"text-editor.default\">\n\t\t\t\t<div class=\"elementor-widget-container\">\n\t\t\t\t\t\t\t\t\tDer \u201dPFF Planungsdienst\u201d besteht aus Mitgliedern der einzelnen kirchlichen Dienste und ist verantwortlich f\u00fcr alle kirchlichen Veranstaltungen und Aktivit\u00e4ten.\t\t\t\t\t\t\t\t<\/div>\n\t\t\t\t<\/div>\n\t\t\t\t<div class=\"elementor-element elementor-element-2efe329 elementor-widget elementor-widget-text-editor\" data-id=\"2efe329\" data-element_type=\"widget\" data-e-type=\"widget\" data-widget_type=\"text-editor.default\">\n\t\t\t\t<div class=\"elementor-widget-container\">\n\t\t\t\t\t\t\t\t\tSie \u00fcbernehmen deren Planung und Organisation und setzen diese unter den bestehenden Richtlinien um.\t\t\t\t\t\t\t\t<\/div>\n\t\t\t\t<\/div>\n\t\t\t\t<div class=\"elementor-element elementor-element-fa11375 elementor-widget elementor-widget-text-editor\" data-id=\"fa11375\" data-element_type=\"widget\" data-e-type=\"widget\" data-widget_type=\"text-editor.default\">\n\t\t\t\t<div class=\"elementor-widget-container\">\n\t\t\t\t\t\t\t\t\t<p>KIRCHENDIENER<\/p>\t\t\t\t\t\t\t\t<\/div>\n\t\t\t\t<\/div>\n\t\t\t\t<div class=\"elementor-element elementor-element-7feefcb elementor-widget elementor-widget-text-editor\" data-id=\"7feefcb\" data-element_type=\"widget\" data-e-type=\"widget\" data-widget_type=\"text-editor.default\">\n\t\t\t\t<div class=\"elementor-widget-container\">\n\t\t\t\t\t\t\t\t\tDie Kirchendiener in der PFF arbeiten als Team um eine einladende Atmosph\u00e4re zu schaffen. Ihr Ziel ist es euch willkommen zu hei\u00dfen mit der Absicht \u201eKomm und lern uns kennen\u201c damit ihr \u201ebleibt um dazuzugeh\u00f6ren\u201c. Ihre Aufgaben sind die Verteilung von Informationen wie Gemeindezeitung und Veranstaltungsflyer, daf\u00fcr zu sorgen, dass jeder einen Sitzplatz bekommt und alles zu tun, was erforderlich ist, damit der Gottesdienst in  geordneter und produktiver Art\n\nund Weise abl\u00e4uft.\t\t\t\t\t\t\t\t<\/div>\n\t\t\t\t<\/div>\n\t\t\t\t<div class=\"elementor-element elementor-element-973a9e2 elementor-widget elementor-widget-text-editor\" data-id=\"973a9e2\" data-element_type=\"widget\" data-e-type=\"widget\" data-widget_type=\"text-editor.default\">\n\t\t\t\t<div class=\"elementor-widget-container\">\n\t\t\t\t\t\t\t\t\t\u201e\u2026Ich m\u00f6chte lieber ein einfacher Torh\u00fcter sein an der Schwelle deines Hauses als bei den Menschen wohnen, die dich missachten!\u201c Psalm 84,11\t\t\t\t\t\t\t\t<\/div>\n\t\t\t\t<\/div>\n\t\t\t\t\t<\/div>\n\t\t<\/div>\n\t\t\t\t\t<\/div>\n\t\t<\/section>\n\t\t\t\t\t<\/div>\n\t\t<\/div>\n\t\t\t\t<div class=\"elementor-column elementor-col-50 elementor-top-column elementor-element elementor-element-dc287e1\" data-id=\"dc287e1\" data-element_type=\"column\" data-e-type=\"column\">\n\t\t\t<div class=\"elementor-widget-wrap elementor-element-populated\">\n\t\t\t\t\t\t<section class=\"elementor-section elementor-inner-section elementor-element elementor-element-b247a00 elementor-section-full_width elementor-section-height-default elementor-section-height-default\" data-id=\"b247a00\" data-element_type=\"section\" data-e-type=\"section\">\n\t\t\t\t\t\t<div class=\"elementor-container elementor-column-gap-default\">\n\t\t\t\t\t<div class=\"elementor-column elementor-col-50 elementor-inner-column elementor-element elementor-element-fd19124\" data-id=\"fd19124\" data-element_type=\"column\" data-e-type=\"column\">\n\t\t\t<div class=\"elementor-widget-wrap elementor-element-populated\">\n\t\t\t\t\t\t<div class=\"elementor-element elementor-element-614e985 elementor-widget elementor-widget-image\" data-id=\"614e985\" data-element_type=\"widget\" data-e-type=\"widget\" data-widget_type=\"image.default\">\n\t\t\t\t<div class=\"elementor-widget-container\">\n\t\t\t\t\t\t\t\t\t\t\t\t\t\t\t<img decoding=\"async\" width=\"150\" height=\"156\" src=\"https:\/\/pffchurch.net\/wp-content\/uploads\/2022\/07\/Betty.jpg\" class=\"attachment-large size-large wp-image-757\" alt=\"\" \/>\t\t\t\t\t\t\t\t\t\t\t\t\t\t\t<\/div>\n\t\t\t\t<\/div>\n\t\t\t\t<div class=\"elementor-element elementor-element-babc584 elementor-widget elementor-widget-text-editor\" data-id=\"babc584\" data-element_type=\"widget\" data-e-type=\"widget\" data-widget_type=\"text-editor.default\">\n\t\t\t\t<div class=\"elementor-widget-container\">\n\t\t\t\t\t\t\t\t\tDeaconess Betty Kioko\n\n \t\t\t\t\t\t\t\t<\/div>\n\t\t\t\t<\/div>\n\t\t\t\t\t<\/div>\n\t\t<\/div>\n\t\t\t\t<div class=\"elementor-column elementor-col-50 elementor-inner-column elementor-element elementor-element-8de186a\" data-id=\"8de186a\" data-element_type=\"column\" data-e-type=\"column\">\n\t\t\t<div class=\"elementor-widget-wrap\">\n\t\t\t\t\t\t\t<\/div>\n\t\t<\/div>\n\t\t\t\t\t<\/div>\n\t\t<\/section>\n\t\t\t\t<div class=\"elementor-element elementor-element-e4fdd9a elementor-widget elementor-widget-text-editor\" data-id=\"e4fdd9a\" data-element_type=\"widget\" data-e-type=\"widget\" data-widget_type=\"text-editor.default\">\n\t\t\t\t<div class=\"elementor-widget-container\">\n\t\t\t\t\t\t\t\t\tBESUCHSDIENST\t\t\t\t\t\t\t\t<\/div>\n\t\t\t\t<\/div>\n\t\t\t\t<div class=\"elementor-element elementor-element-7047483 elementor-widget elementor-widget-text-editor\" data-id=\"7047483\" data-element_type=\"widget\" data-e-type=\"widget\" data-widget_type=\"text-editor.default\">\n\t\t\t\t<div class=\"elementor-widget-container\">\n\t\t\t\t\t\t\t\t\tAls Christen wissen wir. dass N\u00e4chstenliebe mehr ist als ein einfacher Akt der G\u00fcte; es ist das Werk Christi. Uns wird gelehrt, dass Geben seliger ist denn nehmen, und dass wir von Gott aufgerufen sind anderen zu dienen und unsere Br\u00fcder und Schwestern zu lieben, so wie Gott uns liebt. Wir beten daf\u00fcr dass wir die Menschen erkennen, die unsere Hilfe brauchen, so wie auch Jesus sie erkennen w\u00fcrde. Wir beten daf\u00fcr dass der Herr unsere Augen \u00f6ffnet um das Leid auf der Erde zu sehen; dass Gott uns einsetzt um Sein Werk zu tun und f\u00fcr diejenigen die leiden, dass sie Christus in uns sehen.\t\t\t\t\t\t\t\t<\/div>\n\t\t\t\t<\/div>\n\t\t\t\t<div class=\"elementor-element elementor-element-fc3a6eb elementor-widget elementor-widget-text-editor\" data-id=\"fc3a6eb\" data-element_type=\"widget\" data-e-type=\"widget\" data-widget_type=\"text-editor.default\">\n\t\t\t\t<div class=\"elementor-widget-container\">\n\t\t\t\t\t\t\t\t\t<strong>Jakobus 2:15-16 hebt hervor, was es bedeutet einem anderen Christen zu helfen:<\/strong> \u201cStellt euch vor, in eurer Gemeinde sind einige in Not. Sie haben weder etwas anzuziehen noch genug zu essen. Wenn nun einer von euch zu ihnen sagt: \u00bbIch w\u00fcnsche euch alles Gute! Hoffentlich bekommt ihr warme Kleider und k\u00f6nnt euch satt essen!\u00ab, was n\u00fctzt ihnen das, wenn ihr ihnen nicht gebt, was sie zum Leben brauchen?\u201c \t\t\t\t\t\t\t\t<\/div>\n\t\t\t\t<\/div>\n\t\t\t\t<div class=\"elementor-element elementor-element-fa31b09 elementor-widget elementor-widget-text-editor\" data-id=\"fa31b09\" data-element_type=\"widget\" data-e-type=\"widget\" data-widget_type=\"text-editor.default\">\n\t\t\t\t<div class=\"elementor-widget-container\">\n\t\t\t\t\t\t\t\t\t<strong>Und Galater 6:10 sagt:<\/strong> Solange uns noch Zeit bleibt, wollen wir allen Menschen Gutes tun; vor allem aber denen, die mit uns an Jesus Christus glauben. \t\t\t\t\t\t\t\t<\/div>\n\t\t\t\t<\/div>\n\t\t\t\t<div class=\"elementor-element elementor-element-68f7a2d elementor-widget elementor-widget-text-editor\" data-id=\"68f7a2d\" data-element_type=\"widget\" data-e-type=\"widget\" data-widget_type=\"text-editor.default\">\n\t\t\t\t<div class=\"elementor-widget-container\">\n\t\t\t\t\t\t\t\t\tEs gibt Zeiten, wo wir aufgerufen sind zu lieben, ohne eine Gegenleistung zu erwarten \u2013 Zeiten, wo wir aufgerufen sind zu geben, ohne auch nur ein Wort des Dankes. Dieser Aufruf ist christlicher Dienst angespornt durch Handeln &#8230; es ist der Aufruf Jesus zu folgen. Der PFF Besuchsdienst wurde eingerichtet um notleidenden und kranken Menschen, in der Gemeinde und ihrem Umfeld zu helfen.\t\t\t\t\t\t\t\t<\/div>\n\t\t\t\t<\/div>\n\t\t\t\t<div class=\"elementor-element elementor-element-9bd7781 elementor-widget elementor-widget-text-editor\" data-id=\"9bd7781\" data-element_type=\"widget\" data-e-type=\"widget\" data-widget_type=\"text-editor.default\">\n\t\t\t\t<div class=\"elementor-widget-container\">\n\t\t\t\t\t\t\t\t\tWenn du jemanden kennst, der k\u00f6rperlich oder seelisch krank ist und der besucht werden m\u00f6chte oder Unterst\u00fctzung ben\u00f6tigt, melde dich bitte bei\t\t\t\t\t\t\t\t<\/div>\n\t\t\t\t<\/div>\n\t\t\t\t<div class=\"elementor-element elementor-element-93ba8ec elementor-widget elementor-widget-text-editor\" data-id=\"93ba8ec\" data-element_type=\"widget\" data-e-type=\"widget\" data-widget_type=\"text-editor.default\">\n\t\t\t\t<div class=\"elementor-widget-container\">\n\t\t\t\t\t\t\t\t\tDiakonin Betty Kioko\n\n\t\t\t\t\t\t\t\t<\/div>\n\t\t\t\t<\/div>\n\t\t\t\t<div class=\"elementor-element elementor-element-ea0b1dc elementor-widget elementor-widget-text-editor\" data-id=\"ea0b1dc\" data-element_type=\"widget\" data-e-type=\"widget\" data-widget_type=\"text-editor.default\">\n\t\t\t\t<div class=\"elementor-widget-container\">\n\t\t\t\t\t\t\t\t\t<a style=\"text-decoration: none;\" href=\"mailto:visitation@pffchurch.net\">visitation@pffchurch.net<\/a>\t\t\t\t\t\t\t\t<\/div>\n\t\t\t\t<\/div>\n\t\t\t\t\t<\/div>\n\t\t<\/div>\n\t\t\t\t\t<\/div>\n\t\t<\/section>\n\t\t\t\t<\/div>\n\t\t","protected":false},"excerpt":{"rendered":"<p>PLANUNGSDIENST (PAM) Der \u201dPFF Planungsdienst\u201d besteht aus Mitgliedern der einzelnen kirchlichen Dienste und ist verantwortlich f\u00fcr alle kirchlichen Veranstaltungen und Aktivit\u00e4ten.Sie \u00fcbernehmen deren Planung und Organisation und setzen diese unter den bestehenden Richtlinien um. KIRCHENDIENER Die Kirchendiener in der PFF arbeiten als Team um eine einladende Atmosph\u00e4re zu schaffen. Ihr Ziel ist es euch willkommen [&hellip;]<\/p>\n","protected":false},"author":1,"featured_media":0,"parent":387,"menu_order":0,"comment_status":"closed","ping_status":"closed","template":"","meta":{"site-sidebar-layout":"no-sidebar","site-content-layout":"page-builder","ast-site-content-layout":"default","site-content-style":"default","site-sidebar-style":"default","ast-global-header-display":"","ast-banner-title-visibility":"","ast-main-header-display":"","ast-hfb-above-header-display":"","ast-hfb-below-header-display":"","ast-hfb-mobile-header-display":"","site-post-title":"disabled","ast-breadcrumbs-content":"","ast-featured-img":"disabled","footer-sml-layout":"","ast-disable-related-posts":"","theme-transparent-header-meta":"default","adv-header-id-meta":"","stick-header-meta":"","header-above-stick-meta":"","header-main-stick-meta":"","header-below-stick-meta":"","astra-migrate-meta-layouts":"default","ast-page-background-enabled":"default","ast-page-background-meta":{"desktop":{"background-color":"var(--ast-global-color-4)","background-image":"","background-repeat":"repeat","background-position":"center center","background-size":"auto","background-attachment":"scroll","background-type":"","background-media":"","overlay-type":"","overlay-color":"","overlay-opacity":"","overlay-gradient":""},"tablet":{"background-color":"","background-image":"","background-repeat":"repeat","background-position":"center center","background-size":"auto","background-attachment":"scroll","background-type":"","background-media":"","overlay-type":"","overlay-color":"","overlay-opacity":"","overlay-gradient":""},"mobile":{"background-color":"","background-image":"","background-repeat":"repeat","background-position":"center center","background-size":"auto","background-attachment":"scroll","background-type":"","background-media":"","overlay-type":"","overlay-color":"","overlay-opacity":"","overlay-gradient":""}},"ast-content-background-meta":{"desktop":{"background-color":"var(--ast-global-color-5)","background-image":"","background-repeat":"repeat","background-position":"center center","background-size":"auto","background-attachment":"scroll","background-type":"","background-media":"","overlay-type":"","overlay-color":"","overlay-opacity":"","overlay-gradient":""},"tablet":{"background-color":"var(--ast-global-color-5)","background-image":"","background-repeat":"repeat","background-position":"center center","background-size":"auto","background-attachment":"scroll","background-type":"","background-media":"","overlay-type":"","overlay-color":"","overlay-opacity":"","overlay-gradient":""},"mobile":{"background-color":"var(--ast-global-color-5)","background-image":"","background-repeat":"repeat","background-position":"center center","background-size":"auto","background-attachment":"scroll","background-type":"","background-media":"","overlay-type":"","overlay-color":"","overlay-opacity":"","overlay-gradient":""}},"footnotes":""},"class_list":["post-865","page","type-page","status-publish","hentry"],"_links":{"self":[{"href":"https:\/\/pffchurch.net\/de\/wp-json\/wp\/v2\/pages\/865","targetHints":{"allow":["GET"]}}],"collection":[{"href":"https:\/\/pffchurch.net\/de\/wp-json\/wp\/v2\/pages"}],"about":[{"href":"https:\/\/pffchurch.net\/de\/wp-json\/wp\/v2\/types\/page"}],"author":[{"embeddable":true,"href":"https:\/\/pffchurch.net\/de\/wp-json\/wp\/v2\/users\/1"}],"replies":[{"embeddable":true,"href":"https:\/\/pffchurch.net\/de\/wp-json\/wp\/v2\/comments?post=865"}],"version-history":[{"count":5,"href":"https:\/\/pffchurch.net\/de\/wp-json\/wp\/v2\/pages\/865\/revisions"}],"predecessor-version":[{"id":2518,"href":"https:\/\/pffchurch.net\/de\/wp-json\/wp\/v2\/pages\/865\/revisions\/2518"}],"up":[{"embeddable":true,"href":"https:\/\/pffchurch.net\/de\/wp-json\/wp\/v2\/pages\/387"}],"wp:attachment":[{"href":"https:\/\/pffchurch.net\/de\/wp-json\/wp\/v2\/media?parent=865"}],"curies":[{"name":"wp","href":"https:\/\/api.w.org\/{rel}","templated":true}]}}