{"id":863,"date":"2022-07-03T11:32:49","date_gmt":"2022-07-03T09:32:49","guid":{"rendered":"https:\/\/pff.design-op.com\/?page_id=863"},"modified":"2025-11-09T15:02:27","modified_gmt":"2025-11-09T14:02:27","slug":"jugend","status":"publish","type":"page","link":"https:\/\/pffchurch.net\/de\/dienste\/jugend\/","title":{"rendered":"KINDER &#038; JUGENDLICHE"},"content":{"rendered":"\t\t<div data-elementor-type=\"wp-page\" data-elementor-id=\"863\" class=\"elementor elementor-863 elementor-535\" data-elementor-post-type=\"page\">\n\t\t\t\t\t\t<section class=\"elementor-section elementor-top-section elementor-element elementor-element-6527f5c elementor-section-boxed elementor-section-height-default elementor-section-height-default\" data-id=\"6527f5c\" data-element_type=\"section\" data-e-type=\"section\">\n\t\t\t\t\t\t<div class=\"elementor-container elementor-column-gap-no\">\n\t\t\t\t\t<div class=\"elementor-column elementor-col-50 elementor-top-column elementor-element elementor-element-42948eb\" data-id=\"42948eb\" data-element_type=\"column\" data-e-type=\"column\" data-settings=\"{&quot;background_background&quot;:&quot;classic&quot;}\">\n\t\t\t<div class=\"elementor-widget-wrap elementor-element-populated\">\n\t\t\t\t\t\t<div class=\"elementor-element elementor-element-94bd176 elementor-widget elementor-widget-image\" data-id=\"94bd176\" data-element_type=\"widget\" data-e-type=\"widget\" data-widget_type=\"image.default\">\n\t\t\t\t<div class=\"elementor-widget-container\">\n\t\t\t\t\t\t\t\t\t\t\t\t\t\t\t<img fetchpriority=\"high\" decoding=\"async\" width=\"731\" height=\"415\" src=\"https:\/\/pffchurch.net\/wp-content\/uploads\/2023\/07\/Jugend.jpg\" class=\"attachment-large size-large wp-image-2270\" alt=\"\" srcset=\"https:\/\/pffchurch.net\/wp-content\/uploads\/2023\/07\/Jugend.jpg 731w, https:\/\/pffchurch.net\/wp-content\/uploads\/2023\/07\/Jugend-300x170.jpg 300w\" sizes=\"(max-width: 731px) 100vw, 731px\" \/>\t\t\t\t\t\t\t\t\t\t\t\t\t\t\t<\/div>\n\t\t\t\t<\/div>\n\t\t\t\t<section class=\"elementor-section elementor-inner-section elementor-element elementor-element-3509c9c elementor-section-full_width elementor-section-height-default elementor-section-height-default\" data-id=\"3509c9c\" data-element_type=\"section\" data-e-type=\"section\">\n\t\t\t\t\t\t<div class=\"elementor-container elementor-column-gap-default\">\n\t\t\t\t\t<div class=\"elementor-column elementor-col-50 elementor-inner-column elementor-element elementor-element-95b66e6\" data-id=\"95b66e6\" data-element_type=\"column\" data-e-type=\"column\">\n\t\t\t<div class=\"elementor-widget-wrap elementor-element-populated\">\n\t\t\t\t\t\t<div class=\"elementor-element elementor-element-fb6307a elementor-widget__width-initial elementor-widget elementor-widget-text-editor\" data-id=\"fb6307a\" data-element_type=\"widget\" data-e-type=\"widget\" data-widget_type=\"text-editor.default\">\n\t\t\t\t<div class=\"elementor-widget-container\">\n\t\t\t\t\t\t\t\t\t<p><strong><span style=\"color: #ab1842;\">PFF MINIS (2-11)<br \/><\/span><\/strong>Wir glauben wir, dass jedes Kind ein Geschenk Gottes ist. (Psalm 127,3-5). <span style=\"font-size: 16px;\">Darum arbeiten wir intensiv daran, eine sichere und lustige Umgebung zu schaffen, in der die Kinder singen, malen, basteln und an Spielen teilnehmen ko\u0308nnen.<\/span><\/p><p>Aber unser Hauptaugenmerk liegt darauf, dass die Kinder an Bibelstunden teilnehmen, die ihnen g\u00f6ttliche Werte und biblische Wahrheiten vermitteln. In der Bibel hei\u00dft es in Spr\u00fcche 22:6: <em>\u201eErziehe ein Kind in dem Weg, den es gehen soll, und wenn es alt wird, wird es nicht davon abweichen.&#8220;<\/em><\/p><p>Als Lehrer, Eltern und wahre Gl\u00e4ubige Gottes ist es unsere Pflicht, den Samen Gottes in ihre Herzen zu pflanzen. Die Kinderkirche trifft sich jeden Sonntag, au\u00dfer am 1. Sonntag des Monats, dem Abendmahlssonntag.<\/p><p>Diakonin Rebecca k\u00fcmmert sich zusammen mit einem Team um die Kinder.<br \/><a style=\"text-decoration: none;\" href=\"mailto:children@pffchurch.net\">children@pffchurch.net<\/a><\/p>\t\t\t\t\t\t\t\t<\/div>\n\t\t\t\t<\/div>\n\t\t\t\t\t<\/div>\n\t\t<\/div>\n\t\t\t\t<div class=\"elementor-column elementor-col-50 elementor-inner-column elementor-element elementor-element-c6fa480\" data-id=\"c6fa480\" data-element_type=\"column\" data-e-type=\"column\">\n\t\t\t<div class=\"elementor-widget-wrap elementor-element-populated\">\n\t\t\t\t\t\t<div class=\"elementor-element elementor-element-a8ab141 elementor-widget__width-initial elementor-widget elementor-widget-image\" data-id=\"a8ab141\" data-element_type=\"widget\" data-e-type=\"widget\" data-widget_type=\"image.default\">\n\t\t\t\t<div class=\"elementor-widget-container\">\n\t\t\t\t\t\t\t\t\t\t\t\t\t\t\t<img decoding=\"async\" width=\"150\" height=\"150\" src=\"https:\/\/pffchurch.net\/wp-content\/uploads\/2023\/06\/Rebecca.jpg\" class=\"attachment-large size-large wp-image-2163\" alt=\"\" \/>\t\t\t\t\t\t\t\t\t\t\t\t\t\t\t<\/div>\n\t\t\t\t<\/div>\n\t\t\t\t<div class=\"elementor-element elementor-element-690332a elementor-widget elementor-widget-text-editor\" data-id=\"690332a\" data-element_type=\"widget\" data-e-type=\"widget\" data-widget_type=\"text-editor.default\">\n\t\t\t\t<div class=\"elementor-widget-container\">\n\t\t\t\t\t\t\t\t\tDeaconess Rebecca M\u00f6ller\n\n\t\t\t\t\t\t\t\t<\/div>\n\t\t\t\t<\/div>\n\t\t\t\t\t<\/div>\n\t\t<\/div>\n\t\t\t\t\t<\/div>\n\t\t<\/section>\n\t\t\t\t\t<\/div>\n\t\t<\/div>\n\t\t\t\t<div class=\"elementor-column elementor-col-50 elementor-top-column elementor-element elementor-element-2fd6306\" data-id=\"2fd6306\" data-element_type=\"column\" data-e-type=\"column\">\n\t\t\t<div class=\"elementor-widget-wrap elementor-element-populated\">\n\t\t\t\t\t\t<section class=\"elementor-section elementor-inner-section elementor-element elementor-element-4c3fa7c elementor-section-full_width elementor-section-height-default elementor-section-height-default\" data-id=\"4c3fa7c\" data-element_type=\"section\" data-e-type=\"section\">\n\t\t\t\t\t\t<div class=\"elementor-container elementor-column-gap-default\">\n\t\t\t\t\t<div class=\"elementor-column elementor-col-50 elementor-inner-column elementor-element elementor-element-52ff233\" data-id=\"52ff233\" data-element_type=\"column\" data-e-type=\"column\">\n\t\t\t<div class=\"elementor-widget-wrap elementor-element-populated\">\n\t\t\t\t\t\t<div class=\"elementor-element elementor-element-d7e92e7 elementor-widget elementor-widget-image\" data-id=\"d7e92e7\" data-element_type=\"widget\" data-e-type=\"widget\" data-widget_type=\"image.default\">\n\t\t\t\t<div class=\"elementor-widget-container\">\n\t\t\t\t\t\t\t\t\t\t\t\t\t\t\t<img decoding=\"async\" width=\"150\" height=\"150\" src=\"https:\/\/pffchurch.net\/wp-content\/uploads\/Jacqui.jpg\" class=\"attachment-large size-large wp-image-4049\" alt=\"\" \/>\t\t\t\t\t\t\t\t\t\t\t\t\t\t\t<\/div>\n\t\t\t\t<\/div>\n\t\t\t\t<div class=\"elementor-element elementor-element-8addd55 elementor-widget elementor-widget-text-editor\" data-id=\"8addd55\" data-element_type=\"widget\" data-e-type=\"widget\" data-widget_type=\"text-editor.default\">\n\t\t\t\t<div class=\"elementor-widget-container\">\n\t\t\t\t\t\t\t\t\tDeaconess Jacqueline\n<br>Katzwinkel-Fritsche\n\t\t\t\t\t\t\t\t<\/div>\n\t\t\t\t<\/div>\n\t\t\t\t\t<\/div>\n\t\t<\/div>\n\t\t\t\t<div class=\"elementor-column elementor-col-50 elementor-inner-column elementor-element elementor-element-b8ed318\" data-id=\"b8ed318\" data-element_type=\"column\" data-e-type=\"column\">\n\t\t\t<div class=\"elementor-widget-wrap elementor-element-populated\">\n\t\t\t\t\t\t<div class=\"elementor-element elementor-element-84dd0e4 elementor-widget elementor-widget-image\" data-id=\"84dd0e4\" data-element_type=\"widget\" data-e-type=\"widget\" data-widget_type=\"image.default\">\n\t\t\t\t<div class=\"elementor-widget-container\">\n\t\t\t\t\t\t\t\t\t\t\t\t\t\t\t<img loading=\"lazy\" decoding=\"async\" width=\"150\" height=\"150\" src=\"https:\/\/pffchurch.net\/wp-content\/uploads\/Maggy.jpg\" class=\"attachment-large size-large wp-image-4052\" alt=\"\" \/>\t\t\t\t\t\t\t\t\t\t\t\t\t\t\t<\/div>\n\t\t\t\t<\/div>\n\t\t\t\t<div class=\"elementor-element elementor-element-26e2f77 elementor-widget elementor-widget-text-editor\" data-id=\"26e2f77\" data-element_type=\"widget\" data-e-type=\"widget\" data-widget_type=\"text-editor.default\">\n\t\t\t\t<div class=\"elementor-widget-container\">\n\t\t\t\t\t\t\t\t\t<p>Sister Maggy<\/p>\t\t\t\t\t\t\t\t<\/div>\n\t\t\t\t<\/div>\n\t\t\t\t\t<\/div>\n\t\t<\/div>\n\t\t\t\t\t<\/div>\n\t\t<\/section>\n\t\t\t\t<div class=\"elementor-element elementor-element-2105c15 elementor-widget elementor-widget-text-editor\" data-id=\"2105c15\" data-element_type=\"widget\" data-e-type=\"widget\" data-widget_type=\"text-editor.default\">\n\t\t\t\t<div class=\"elementor-widget-container\">\n\t\t\t\t\t\t\t\t\t<p><strong><span style=\"color: #ab1842;\">PFF YOUNG ADULTS (18-29)<br \/><\/span><\/strong>Hier bei PFF triffst du junge Menschen aus allen Lebensbereichen \u2013 verschiedener Nationalit\u00e4ten und Herkunft mit einem gemeinsamen Ziel \u2013 f\u00fcr Gott zu leben. Wir glauben, dass unser Dienst f\u00fcr junge Erwachsene mit dem Namen &#8222;New Generation&#8220; ein Teil jedes Aspekts unserer Kirche sein sollte.<\/p><p>Junge Erwachsene treten in neue Lebensabschnitte ein, gewinnen neue Freiheiten und die F\u00e4higkeit, Entscheidungen zu treffen, die nicht von ihren Eltern bestimmt werden. Sie stehen vor wichtigen Entscheidungen und besonderen Herausforderungen und brauchen einen sicheren Ort, um Fragen zu stellen, zu wachsen und zu beten.<\/p><p>Wir haben w\u00f6chentliche Aktivit\u00e4ten wie Bibelstunden und Chorproben, aber wir machen auch Ausfl\u00fcge, Spendenaktionen, Filmabende und vieles mehr. Die jungen Erwachsenen sind jeden 3. Sonntag f\u00fcr den Gottesdienst verantwortlich.<\/p><p>Dea. Jacqueline und Sis. Maggy sind die Leiterinnen des Dienstes f\u00fcr junge Erwachsene.<br \/><a href=\"mailto:young.adults@pffchurch.net\">young.adults@pffchurch.net<\/a><\/p>\t\t\t\t\t\t\t\t<\/div>\n\t\t\t\t<\/div>\n\t\t\t\t\t<\/div>\n\t\t<\/div>\n\t\t\t\t\t<\/div>\n\t\t<\/section>\n\t\t\t\t<\/div>\n\t\t","protected":false},"excerpt":{"rendered":"<p>PFF MINIS (2-11)Wir glauben wir, dass jedes Kind ein Geschenk Gottes ist. (Psalm 127,3-5). Darum arbeiten wir intensiv daran, eine sichere und lustige Umgebung zu schaffen, in der die Kinder singen, malen, basteln und an Spielen teilnehmen ko\u0308nnen. Aber unser Hauptaugenmerk liegt darauf, dass die Kinder an Bibelstunden teilnehmen, die ihnen g\u00f6ttliche Werte und biblische [&hellip;]<\/p>\n","protected":false},"author":1,"featured_media":0,"parent":387,"menu_order":0,"comment_status":"closed","ping_status":"closed","template":"","meta":{"site-sidebar-layout":"no-sidebar","site-content-layout":"page-builder","ast-site-content-layout":"default","site-content-style":"default","site-sidebar-style":"default","ast-global-header-display":"","ast-banner-title-visibility":"","ast-main-header-display":"","ast-hfb-above-header-display":"","ast-hfb-below-header-display":"","ast-hfb-mobile-header-display":"","site-post-title":"disabled","ast-breadcrumbs-content":"","ast-featured-img":"disabled","footer-sml-layout":"","ast-disable-related-posts":"","theme-transparent-header-meta":"default","adv-header-id-meta":"","stick-header-meta":"","header-above-stick-meta":"","header-main-stick-meta":"","header-below-stick-meta":"","astra-migrate-meta-layouts":"default","ast-page-background-enabled":"default","ast-page-background-meta":{"desktop":{"background-color":"var(--ast-global-color-4)","background-image":"","background-repeat":"repeat","background-position":"center center","background-size":"auto","background-attachment":"scroll","background-type":"","background-media":"","overlay-type":"","overlay-color":"","overlay-opacity":"","overlay-gradient":""},"tablet":{"background-color":"","background-image":"","background-repeat":"repeat","background-position":"center center","background-size":"auto","background-attachment":"scroll","background-type":"","background-media":"","overlay-type":"","overlay-color":"","overlay-opacity":"","overlay-gradient":""},"mobile":{"background-color":"","background-image":"","background-repeat":"repeat","background-position":"center center","background-size":"auto","background-attachment":"scroll","background-type":"","background-media":"","overlay-type":"","overlay-color":"","overlay-opacity":"","overlay-gradient":""}},"ast-content-background-meta":{"desktop":{"background-color":"var(--ast-global-color-5)","background-image":"","background-repeat":"repeat","background-position":"center center","background-size":"auto","background-attachment":"scroll","background-type":"","background-media":"","overlay-type":"","overlay-color":"","overlay-opacity":"","overlay-gradient":""},"tablet":{"background-color":"var(--ast-global-color-5)","background-image":"","background-repeat":"repeat","background-position":"center center","background-size":"auto","background-attachment":"scroll","background-type":"","background-media":"","overlay-type":"","overlay-color":"","overlay-opacity":"","overlay-gradient":""},"mobile":{"background-color":"var(--ast-global-color-5)","background-image":"","background-repeat":"repeat","background-position":"center center","background-size":"auto","background-attachment":"scroll","background-type":"","background-media":"","overlay-type":"","overlay-color":"","overlay-opacity":"","overlay-gradient":""}},"footnotes":""},"class_list":["post-863","page","type-page","status-publish","hentry"],"_links":{"self":[{"href":"https:\/\/pffchurch.net\/de\/wp-json\/wp\/v2\/pages\/863","targetHints":{"allow":["GET"]}}],"collection":[{"href":"https:\/\/pffchurch.net\/de\/wp-json\/wp\/v2\/pages"}],"about":[{"href":"https:\/\/pffchurch.net\/de\/wp-json\/wp\/v2\/types\/page"}],"author":[{"embeddable":true,"href":"https:\/\/pffchurch.net\/de\/wp-json\/wp\/v2\/users\/1"}],"replies":[{"embeddable":true,"href":"https:\/\/pffchurch.net\/de\/wp-json\/wp\/v2\/comments?post=863"}],"version-history":[{"count":10,"href":"https:\/\/pffchurch.net\/de\/wp-json\/wp\/v2\/pages\/863\/revisions"}],"predecessor-version":[{"id":4164,"href":"https:\/\/pffchurch.net\/de\/wp-json\/wp\/v2\/pages\/863\/revisions\/4164"}],"up":[{"embeddable":true,"href":"https:\/\/pffchurch.net\/de\/wp-json\/wp\/v2\/pages\/387"}],"wp:attachment":[{"href":"https:\/\/pffchurch.net\/de\/wp-json\/wp\/v2\/media?parent=863"}],"curies":[{"name":"wp","href":"https:\/\/api.w.org\/{rel}","templated":true}]}}