{"id":857,"date":"2022-07-03T11:30:46","date_gmt":"2022-07-03T09:30:46","guid":{"rendered":"https:\/\/pff.design-op.com\/?page_id=857"},"modified":"2024-02-02T16:45:46","modified_gmt":"2024-02-02T15:45:46","slug":"diakone-verwaltung","status":"publish","type":"page","link":"https:\/\/pffchurch.net\/de\/dienste\/diakone-verwaltung\/","title":{"rendered":"DIAKONE &#038; VERWALTUNG"},"content":{"rendered":"\t\t<div data-elementor-type=\"wp-page\" data-elementor-id=\"857\" class=\"elementor elementor-857 elementor-529\" data-elementor-post-type=\"page\">\n\t\t\t\t\t\t<section class=\"elementor-section elementor-top-section elementor-element elementor-element-79c1309 elementor-section-boxed elementor-section-height-default elementor-section-height-default\" data-id=\"79c1309\" data-element_type=\"section\" data-e-type=\"section\">\n\t\t\t\t\t\t<div class=\"elementor-container elementor-column-gap-no\">\n\t\t\t\t\t<div class=\"elementor-column elementor-col-50 elementor-top-column elementor-element elementor-element-e0a224b\" data-id=\"e0a224b\" data-element_type=\"column\" data-e-type=\"column\" data-settings=\"{&quot;background_background&quot;:&quot;classic&quot;}\">\n\t\t\t<div class=\"elementor-widget-wrap elementor-element-populated\">\n\t\t\t\t\t\t<div class=\"elementor-element elementor-element-a528ee7 elementor-widget elementor-widget-image\" data-id=\"a528ee7\" data-element_type=\"widget\" data-e-type=\"widget\" data-widget_type=\"image.default\">\n\t\t\t\t<div class=\"elementor-widget-container\">\n\t\t\t\t\t\t\t\t\t\t\t\t\t\t\t<img fetchpriority=\"high\" decoding=\"async\" width=\"731\" height=\"415\" src=\"https:\/\/pffchurch.net\/wp-content\/uploads\/2023\/07\/Diakone.jpg\" class=\"attachment-large size-large wp-image-2272\" alt=\"\" srcset=\"https:\/\/pffchurch.net\/wp-content\/uploads\/2023\/07\/Diakone.jpg 731w, https:\/\/pffchurch.net\/wp-content\/uploads\/2023\/07\/Diakone-300x170.jpg 300w\" sizes=\"(max-width: 731px) 100vw, 731px\" \/>\t\t\t\t\t\t\t\t\t\t\t\t\t\t\t<\/div>\n\t\t\t\t<\/div>\n\t\t\t\t<section class=\"elementor-section elementor-inner-section elementor-element elementor-element-afa315d elementor-section-full_width elementor-section-height-default elementor-section-height-default\" data-id=\"afa315d\" data-element_type=\"section\" data-e-type=\"section\">\n\t\t\t\t\t\t<div class=\"elementor-container elementor-column-gap-default\">\n\t\t\t\t\t<div class=\"elementor-column elementor-col-50 elementor-inner-column elementor-element elementor-element-f995e7e\" data-id=\"f995e7e\" data-element_type=\"column\" data-e-type=\"column\">\n\t\t\t<div class=\"elementor-widget-wrap elementor-element-populated\">\n\t\t\t\t\t\t<div class=\"elementor-element elementor-element-255a84e elementor-widget elementor-widget-image\" data-id=\"255a84e\" data-element_type=\"widget\" data-e-type=\"widget\" data-widget_type=\"image.default\">\n\t\t\t\t<div class=\"elementor-widget-container\">\n\t\t\t\t\t\t\t\t\t\t\t\t\t\t\t<img decoding=\"async\" width=\"150\" height=\"150\" src=\"https:\/\/pffchurch.net\/wp-content\/uploads\/2022\/07\/Mitch.jpg\" class=\"attachment-full size-full wp-image-666\" alt=\"\" \/>\t\t\t\t\t\t\t\t\t\t\t\t\t\t\t<\/div>\n\t\t\t\t<\/div>\n\t\t\t\t<div class=\"elementor-element elementor-element-8983c2a elementor-widget elementor-widget-text-editor\" data-id=\"8983c2a\" data-element_type=\"widget\" data-e-type=\"widget\" data-widget_type=\"text-editor.default\">\n\t\t\t\t<div class=\"elementor-widget-container\">\n\t\t\t\t\t\t\t\t\tDeacon Mitchell Johnson\n\n\t\t\t\t\t\t\t\t<\/div>\n\t\t\t\t<\/div>\n\t\t\t\t\t<\/div>\n\t\t<\/div>\n\t\t\t\t<div class=\"elementor-column elementor-col-50 elementor-inner-column elementor-element elementor-element-c8973ac\" data-id=\"c8973ac\" data-element_type=\"column\" data-e-type=\"column\">\n\t\t\t<div class=\"elementor-widget-wrap elementor-element-populated\">\n\t\t\t\t\t\t<div class=\"elementor-element elementor-element-4e7a6c1 elementor-widget elementor-widget-text-editor\" data-id=\"4e7a6c1\" data-element_type=\"widget\" data-e-type=\"widget\" data-widget_type=\"text-editor.default\">\n\t\t\t\t<div class=\"elementor-widget-container\">\n\t\t\t\t\t\t\t\t\tDIAKONE\t\t\t\t\t\t\t\t<\/div>\n\t\t\t\t<\/div>\n\t\t\t\t<div class=\"elementor-element elementor-element-f357eae elementor-widget elementor-widget-text-editor\" data-id=\"f357eae\" data-element_type=\"widget\" data-e-type=\"widget\" data-widget_type=\"text-editor.default\">\n\t\t\t\t<div class=\"elementor-widget-container\">\n\t\t\t\t\t\t\t\t\tDiakone sind vorbildliche Diener, die sich dadurch auszeichnen, dass sie aufmerksam sind und auf die konkreten Bed\u00fcrfnisse im Leben einer Kirche eingehen.\t\t\t\t\t\t\t\t<\/div>\n\t\t\t\t<\/div>\n\t\t\t\t<div class=\"elementor-element elementor-element-0022b97 elementor-widget elementor-widget-text-editor\" data-id=\"0022b97\" data-element_type=\"widget\" data-e-type=\"widget\" data-widget_type=\"text-editor.default\">\n\t\t\t\t<div class=\"elementor-widget-container\">\n\t\t\t\t\t\t\t\t\tAuf welche Weise dienen sie? Indem sie den Pastor und die \u00c4ltesten unterst\u00fctzen, den Dienst des Wortes \u00fcberwachen, Gottesdienste und Aktivit\u00e4ten organisieren, sich um die Bed\u00fcrftigen k\u00fcmmern, die Einheit sch\u00fctzen und vieles mehr.\t\t\t\t\t\t\t\t<\/div>\n\t\t\t\t<\/div>\n\t\t\t\t<div class=\"elementor-element elementor-element-3128e98 elementor-widget elementor-widget-text-editor\" data-id=\"3128e98\" data-element_type=\"widget\" data-e-type=\"widget\" data-widget_type=\"text-editor.default\">\n\t\t\t\t<div class=\"elementor-widget-container\">\n\t\t\t\t\t\t\t\t\t<p>Wenn du in deinem Geist das Gef\u00fchl hast, dass Gott dich beruft, als Diakon zu dienen, wende dich bitte an Diakon Mitchell: <a style=\"text-decoration: none;\" href=\"mailto:deacons@pffchurch.net\">deacons@pffchurch.net<\/a><\/p>\t\t\t\t\t\t\t\t<\/div>\n\t\t\t\t<\/div>\n\t\t\t\t\t<\/div>\n\t\t<\/div>\n\t\t\t\t\t<\/div>\n\t\t<\/section>\n\t\t\t\t\t<\/div>\n\t\t<\/div>\n\t\t\t\t<div class=\"elementor-column elementor-col-50 elementor-top-column elementor-element elementor-element-cd4e859\" data-id=\"cd4e859\" data-element_type=\"column\" data-e-type=\"column\">\n\t\t\t<div class=\"elementor-widget-wrap elementor-element-populated\">\n\t\t\t\t\t\t<section class=\"elementor-section elementor-inner-section elementor-element elementor-element-b44d342 elementor-section-full_width elementor-section-height-default elementor-section-height-default\" data-id=\"b44d342\" data-element_type=\"section\" data-e-type=\"section\">\n\t\t\t\t\t\t<div class=\"elementor-container elementor-column-gap-default\">\n\t\t\t\t\t<div class=\"elementor-column elementor-col-50 elementor-inner-column elementor-element elementor-element-3749f9d\" data-id=\"3749f9d\" data-element_type=\"column\" data-e-type=\"column\">\n\t\t\t<div class=\"elementor-widget-wrap elementor-element-populated\">\n\t\t\t\t\t\t<div class=\"elementor-element elementor-element-2b71ed5 elementor-widget elementor-widget-image\" data-id=\"2b71ed5\" data-element_type=\"widget\" data-e-type=\"widget\" data-widget_type=\"image.default\">\n\t\t\t\t<div class=\"elementor-widget-container\">\n\t\t\t\t\t\t\t\t\t\t\t\t\t\t\t<img decoding=\"async\" width=\"150\" height=\"150\" src=\"https:\/\/pffchurch.net\/wp-content\/uploads\/2022\/07\/MartinNEW.jpg\" class=\"attachment-large size-large wp-image-639\" alt=\"\" \/>\t\t\t\t\t\t\t\t\t\t\t\t\t\t\t<\/div>\n\t\t\t\t<\/div>\n\t\t\t\t<div class=\"elementor-element elementor-element-619c60f elementor-widget elementor-widget-text-editor\" data-id=\"619c60f\" data-element_type=\"widget\" data-e-type=\"widget\" data-widget_type=\"text-editor.default\">\n\t\t\t\t<div class=\"elementor-widget-container\">\n\t\t\t\t\t\t\t\t\t<p>Min. Martin Wuppermann<\/p>\t\t\t\t\t\t\t\t<\/div>\n\t\t\t\t<\/div>\n\t\t\t\t\t<\/div>\n\t\t<\/div>\n\t\t\t\t<div class=\"elementor-column elementor-col-50 elementor-inner-column elementor-element elementor-element-243b4ed\" data-id=\"243b4ed\" data-element_type=\"column\" data-e-type=\"column\">\n\t\t\t<div class=\"elementor-widget-wrap elementor-element-populated\">\n\t\t\t\t\t\t<div class=\"elementor-element elementor-element-63dc864 elementor-widget elementor-widget-image\" data-id=\"63dc864\" data-element_type=\"widget\" data-e-type=\"widget\" data-widget_type=\"image.default\">\n\t\t\t\t<div class=\"elementor-widget-container\">\n\t\t\t\t\t\t\t\t\t\t\t\t\t\t\t<img loading=\"lazy\" decoding=\"async\" width=\"150\" height=\"150\" src=\"https:\/\/pffchurch.net\/wp-content\/uploads\/2022\/07\/Sabine.jpg\" class=\"attachment-large size-large wp-image-641\" alt=\"\" \/>\t\t\t\t\t\t\t\t\t\t\t\t\t\t\t<\/div>\n\t\t\t\t<\/div>\n\t\t\t\t<div class=\"elementor-element elementor-element-811f098 elementor-widget elementor-widget-text-editor\" data-id=\"811f098\" data-element_type=\"widget\" data-e-type=\"widget\" data-widget_type=\"text-editor.default\">\n\t\t\t\t<div class=\"elementor-widget-container\">\n\t\t\t\t\t\t\t\t\tSis. Sabine Gerhardt\n\n\t\t\t\t\t\t\t\t<\/div>\n\t\t\t\t<\/div>\n\t\t\t\t\t<\/div>\n\t\t<\/div>\n\t\t\t\t\t<\/div>\n\t\t<\/section>\n\t\t\t\t<div class=\"elementor-element elementor-element-0e1017d elementor-widget elementor-widget-text-editor\" data-id=\"0e1017d\" data-element_type=\"widget\" data-e-type=\"widget\" data-widget_type=\"text-editor.default\">\n\t\t\t\t<div class=\"elementor-widget-container\">\n\t\t\t\t\t\t\t\t\tVERWALTUNG\n\t\t\t\t\t\t\t\t<\/div>\n\t\t\t\t<\/div>\n\t\t\t\t<div class=\"elementor-element elementor-element-c22d249 elementor-widget elementor-widget-text-editor\" data-id=\"c22d249\" data-element_type=\"widget\" data-e-type=\"widget\" data-widget_type=\"text-editor.default\">\n\t\t\t\t<div class=\"elementor-widget-container\">\n\t\t\t\t\t\t\t\t\t<p>Die PFF-Kirchenverwaltung, unter Leitung von Min. Martin, <span style=\"font-size: 16px;\">ist zusta\u0308ndig fu\u0308r Verwaltung, Betrieb und Nutzung des Geba\u0308udes zusammen mit den anderen Gemeinden und dem Kindergarten. Der sanierungsbedu\u0308rftige Bau von 1957 soll in eine gemeinnu\u0308tzige Stiftung u\u0308berfu\u0308hrt werden.<\/span><\/p><p>Sis. Sabine k\u00fcmmert sich um die Planung von Veranstaltungen und die Vermietung der Kirchenr\u00e4ume.<br \/><a style=\"text-decoration: none;\" href=\"mailto:administration@pffchurch.net\">administration@pffchurch.net<\/a><\/p>\t\t\t\t\t\t\t\t<\/div>\n\t\t\t\t<\/div>\n\t\t\t\t\t<\/div>\n\t\t<\/div>\n\t\t\t\t\t<\/div>\n\t\t<\/section>\n\t\t\t\t<\/div>\n\t\t","protected":false},"excerpt":{"rendered":"<p>Deacon Mitchell Johnson DIAKONEDiakone sind vorbildliche Diener, die sich dadurch auszeichnen, dass sie aufmerksam sind und auf die konkreten Bed\u00fcrfnisse im Leben einer Kirche eingehen.Auf welche Weise dienen sie? Indem sie den Pastor und die \u00c4ltesten unterst\u00fctzen, den Dienst des Wortes \u00fcberwachen, Gottesdienste und Aktivit\u00e4ten organisieren, sich um die Bed\u00fcrftigen k\u00fcmmern, die Einheit sch\u00fctzen und [&hellip;]<\/p>\n","protected":false},"author":1,"featured_media":0,"parent":387,"menu_order":0,"comment_status":"closed","ping_status":"closed","template":"","meta":{"site-sidebar-layout":"no-sidebar","site-content-layout":"page-builder","ast-site-content-layout":"full-width-container","site-content-style":"unboxed","site-sidebar-style":"unboxed","ast-global-header-display":"","ast-banner-title-visibility":"","ast-main-header-display":"","ast-hfb-above-header-display":"","ast-hfb-below-header-display":"","ast-hfb-mobile-header-display":"","site-post-title":"disabled","ast-breadcrumbs-content":"","ast-featured-img":"disabled","footer-sml-layout":"","ast-disable-related-posts":"","theme-transparent-header-meta":"default","adv-header-id-meta":"","stick-header-meta":"","header-above-stick-meta":"","header-main-stick-meta":"","header-below-stick-meta":"","astra-migrate-meta-layouts":"set","ast-page-background-enabled":"default","ast-page-background-meta":{"desktop":{"background-color":"var(--ast-global-color-4)","background-image":"","background-repeat":"repeat","background-position":"center center","background-size":"auto","background-attachment":"scroll","background-type":"","background-media":"","overlay-type":"","overlay-color":"","overlay-opacity":"","overlay-gradient":""},"tablet":{"background-color":"","background-image":"","background-repeat":"repeat","background-position":"center center","background-size":"auto","background-attachment":"scroll","background-type":"","background-media":"","overlay-type":"","overlay-color":"","overlay-opacity":"","overlay-gradient":""},"mobile":{"background-color":"","background-image":"","background-repeat":"repeat","background-position":"center center","background-size":"auto","background-attachment":"scroll","background-type":"","background-media":"","overlay-type":"","overlay-color":"","overlay-opacity":"","overlay-gradient":""}},"ast-content-background-meta":{"desktop":{"background-color":"var(--ast-global-color-5)","background-image":"","background-repeat":"repeat","background-position":"center center","background-size":"auto","background-attachment":"scroll","background-type":"","background-media":"","overlay-type":"","overlay-color":"","overlay-opacity":"","overlay-gradient":""},"tablet":{"background-color":"var(--ast-global-color-5)","background-image":"","background-repeat":"repeat","background-position":"center center","background-size":"auto","background-attachment":"scroll","background-type":"","background-media":"","overlay-type":"","overlay-color":"","overlay-opacity":"","overlay-gradient":""},"mobile":{"background-color":"var(--ast-global-color-5)","background-image":"","background-repeat":"repeat","background-position":"center center","background-size":"auto","background-attachment":"scroll","background-type":"","background-media":"","overlay-type":"","overlay-color":"","overlay-opacity":"","overlay-gradient":""}},"footnotes":""},"class_list":["post-857","page","type-page","status-publish","hentry"],"_links":{"self":[{"href":"https:\/\/pffchurch.net\/de\/wp-json\/wp\/v2\/pages\/857","targetHints":{"allow":["GET"]}}],"collection":[{"href":"https:\/\/pffchurch.net\/de\/wp-json\/wp\/v2\/pages"}],"about":[{"href":"https:\/\/pffchurch.net\/de\/wp-json\/wp\/v2\/types\/page"}],"author":[{"embeddable":true,"href":"https:\/\/pffchurch.net\/de\/wp-json\/wp\/v2\/users\/1"}],"replies":[{"embeddable":true,"href":"https:\/\/pffchurch.net\/de\/wp-json\/wp\/v2\/comments?post=857"}],"version-history":[{"count":5,"href":"https:\/\/pffchurch.net\/de\/wp-json\/wp\/v2\/pages\/857\/revisions"}],"predecessor-version":[{"id":3132,"href":"https:\/\/pffchurch.net\/de\/wp-json\/wp\/v2\/pages\/857\/revisions\/3132"}],"up":[{"embeddable":true,"href":"https:\/\/pffchurch.net\/de\/wp-json\/wp\/v2\/pages\/387"}],"wp:attachment":[{"href":"https:\/\/pffchurch.net\/de\/wp-json\/wp\/v2\/media?parent=857"}],"curies":[{"name":"wp","href":"https:\/\/api.w.org\/{rel}","templated":true}]}}