{"id":855,"date":"2022-07-03T11:29:23","date_gmt":"2022-07-03T09:29:23","guid":{"rendered":"https:\/\/pff.design-op.com\/?page_id=855"},"modified":"2023-09-19T14:16:16","modified_gmt":"2023-09-19T12:16:16","slug":"gebetsdienst","status":"publish","type":"page","link":"https:\/\/pffchurch.net\/de\/dienste\/gebetsdienst\/","title":{"rendered":"Gebetsdienst"},"content":{"rendered":"\t\t<div data-elementor-type=\"wp-page\" data-elementor-id=\"855\" class=\"elementor elementor-855 elementor-527\" data-elementor-post-type=\"page\">\n\t\t\t\t\t\t<section class=\"elementor-section elementor-top-section elementor-element elementor-element-d9c16e9 elementor-section-boxed elementor-section-height-default elementor-section-height-default\" data-id=\"d9c16e9\" data-element_type=\"section\" data-e-type=\"section\">\n\t\t\t\t\t\t<div class=\"elementor-container elementor-column-gap-no\">\n\t\t\t\t\t<div class=\"elementor-column elementor-col-50 elementor-top-column elementor-element elementor-element-4c26cc6\" data-id=\"4c26cc6\" data-element_type=\"column\" data-e-type=\"column\" data-settings=\"{&quot;background_background&quot;:&quot;classic&quot;}\">\n\t\t\t<div class=\"elementor-widget-wrap elementor-element-populated\">\n\t\t\t\t\t\t<section class=\"elementor-section elementor-inner-section elementor-element elementor-element-f7f134c elementor-section-boxed elementor-section-height-default elementor-section-height-default\" data-id=\"f7f134c\" data-element_type=\"section\" data-e-type=\"section\" data-settings=\"{&quot;background_background&quot;:&quot;classic&quot;}\">\n\t\t\t\t\t\t<div class=\"elementor-container elementor-column-gap-no\">\n\t\t\t\t\t<div class=\"elementor-column elementor-col-100 elementor-inner-column elementor-element elementor-element-5bb0e3c\" data-id=\"5bb0e3c\" data-element_type=\"column\" data-e-type=\"column\">\n\t\t\t<div class=\"elementor-widget-wrap elementor-element-populated\">\n\t\t\t\t\t\t<div class=\"elementor-element elementor-element-615d0b9 elementor-widget elementor-widget-image\" data-id=\"615d0b9\" data-element_type=\"widget\" data-e-type=\"widget\" data-widget_type=\"image.default\">\n\t\t\t\t<div class=\"elementor-widget-container\">\n\t\t\t\t\t\t\t\t\t\t\t\t\t\t\t<img fetchpriority=\"high\" decoding=\"async\" width=\"731\" height=\"415\" src=\"https:\/\/pffchurch.net\/wp-content\/uploads\/2023\/07\/Gebet.jpg\" class=\"attachment-full size-full wp-image-2276\" alt=\"\" srcset=\"https:\/\/pffchurch.net\/wp-content\/uploads\/2023\/07\/Gebet.jpg 731w, https:\/\/pffchurch.net\/wp-content\/uploads\/2023\/07\/Gebet-300x170.jpg 300w\" sizes=\"(max-width: 731px) 100vw, 731px\" \/>\t\t\t\t\t\t\t\t\t\t\t\t\t\t\t<\/div>\n\t\t\t\t<\/div>\n\t\t\t\t<div class=\"elementor-element elementor-element-9abc154 elementor-widget elementor-widget-text-editor\" data-id=\"9abc154\" data-element_type=\"widget\" data-e-type=\"widget\" data-widget_type=\"text-editor.default\">\n\t\t\t\t<div class=\"elementor-widget-container\">\n\t\t\t\t\t\t\t\t\tGEBETSMOTIVATION\n\n\t\t\t\t\t\t\t\t<\/div>\n\t\t\t\t<\/div>\n\t\t\t\t<div class=\"elementor-element elementor-element-d724085 elementor-widget elementor-widget-text-editor\" data-id=\"d724085\" data-element_type=\"widget\" data-e-type=\"widget\" data-widget_type=\"text-editor.default\">\n\t\t\t\t<div class=\"elementor-widget-container\">\n\t\t\t\t\t\t\t\t\tErinnere dich, als du durch schwierige Zeiten gehen musstest. Du dachtest niemand betet f\u00fcr dich. Aber es gab jemanden, der im Hintergrund st\u00e4ndig deinetwegen vor Gott trat, bis ein Durchbruch erzielt wurde. Ist dir bewusst, dass du erhalten wirst durch Gebet?\n\nEs mag im Moment alles gut in deinem Leben laufen, Gottseidank. Aber ich m\u00f6chte dich dringend bitten aufmerksam zu sein und f\u00fcr jemanden zu beten von dem du wei\u00dft, dass er ein Problem hat oder in einer Zwangslage ist. Sei bereit, die Freude bei seinem\/ihrem Durchbruch zu teilen und Gott daf\u00fcr zu danken.\t\t\t\t\t\t\t\t<\/div>\n\t\t\t\t<\/div>\n\t\t\t\t<div class=\"elementor-element elementor-element-b73949f elementor-widget elementor-widget-text-editor\" data-id=\"b73949f\" data-element_type=\"widget\" data-e-type=\"widget\" data-widget_type=\"text-editor.default\">\n\t\t\t\t<div class=\"elementor-widget-container\">\n\t\t\t\t\t\t\t\t\tG\u00d6TTLICHE KR\u00c4FTE IN BEWEGUNG SETZEN\n\n\t\t\t\t\t\t\t\t<\/div>\n\t\t\t\t<\/div>\n\t\t\t\t<div class=\"elementor-element elementor-element-6f1a221 elementor-widget elementor-widget-text-editor\" data-id=\"6f1a221\" data-element_type=\"widget\" data-e-type=\"widget\" data-widget_type=\"text-editor.default\">\n\t\t\t\t<div class=\"elementor-widget-container\">\n\t\t\t\t\t\t\t\t\tAls Kinder Gottes haben wir das g\u00f6ttliche Vorrecht, Gottes Kr\u00e4fte zu unseren Gunsten und zu Seiner Ehre, in Bewegung zu setzen.\n\n\t\t\t\t\t\t\t\t<\/div>\n\t\t\t\t<\/div>\n\t\t\t\t<div class=\"elementor-element elementor-element-ea679a6 elementor-widget elementor-widget-text-editor\" data-id=\"ea679a6\" data-element_type=\"widget\" data-e-type=\"widget\" data-widget_type=\"text-editor.default\">\n\t\t\t\t<div class=\"elementor-widget-container\">\n\t\t\t\t\t\t\t\t\tINDIVIDUELLES GEBET\n\n\t\t\t\t\t\t\t\t<\/div>\n\t\t\t\t<\/div>\n\t\t\t\t<div class=\"elementor-element elementor-element-8a3c781 elementor-widget elementor-widget-text-editor\" data-id=\"8a3c781\" data-element_type=\"widget\" data-e-type=\"widget\" data-widget_type=\"text-editor.default\">\n\t\t\t\t<div class=\"elementor-widget-container\">\n\t\t\t\t\t\t\t\t\tLasst uns inspiriert sein von dem was Daniel wiederfuhr.\n\n\t\t\t\t\t\t\t\t<\/div>\n\t\t\t\t<\/div>\n\t\t\t\t<div class=\"elementor-element elementor-element-c4769f4 elementor-widget elementor-widget-text-editor\" data-id=\"c4769f4\" data-element_type=\"widget\" data-e-type=\"widget\" data-widget_type=\"text-editor.default\">\n\t\t\t\t<div class=\"elementor-widget-container\">\n\t\t\t\t\t\t\t\t\tDoch eine Hand ber\u00fchrte mich und r\u00fcttelte mich wach. Ich konnte auf die Knie gehen und mich mit den H\u00e4nden abst\u00fctzen. Der Mann sprach zu mir: &#8222;Gott liebt dich, Daniel! Steh auf und achte auf meine Worte, denn Gott hat mich zu dir geschickt.&#8220; Zitternd stand ich auf. &#8222;Hab keine Angst!&#8220;, ermutigte er mich. &#8222;Du wolltest gern erkennen, was Gott tun will, und hast dich vor ihm gedem\u00fctigt. Schon an dem Tag, als du anfingst zu beten, hat er dich erh\u00f6rt. Darum bin ich nun zu dir gekommen. Aber der Engelf\u00fcrst des Perserreichs stellte sich mir entgegen und hielt mich einundzwanzig Tage lang auf. Doch dann kam mir Michael zu Hilfe, einer der h\u00f6chsten Engelf\u00fcrsten. Ihm konnte ich den Kampf um das Reich der Perser \u00fcberlassen.(Daniel 10:10-13 HfA)\t\t\t\t\t\t\t\t<\/div>\n\t\t\t\t<\/div>\n\t\t\t\t<div class=\"elementor-element elementor-element-21b50cd elementor-widget elementor-widget-text-editor\" data-id=\"21b50cd\" data-element_type=\"widget\" data-e-type=\"widget\" data-widget_type=\"text-editor.default\">\n\t\t\t\t<div class=\"elementor-widget-container\">\n\t\t\t\t\t\t\t\t\tDas Gebet Daniels ist der Grund f\u00fcr den heftigen Kampf im Himmelsreich. Der Prinz von Persien (Satans Gehilfe) k\u00e4mpfte 21 Tage lang erbittert darum, den Engel Gottes davon abzubringen Daniel die Antwort auf sein Gebet zu bringen. Wenn wir Zeit im Gebet verbringen um Gott anzurufen, dann handelt Er zu unserem Gunsten. Es ist Gottes Wille unsere Gebete zu erh\u00f6ren und unser Leben mit Segen zu f\u00fcllen. Egal wie erbittert Satan gegen Gott k\u00e4mpft, er wird in Gottes Augen immer ein Verlierer sein. Vertraue in Gott, denn Er ist Seinen Versprechen gegen\u00fcber treu.   \t\t\t\t\t\t\t\t<\/div>\n\t\t\t\t<\/div>\n\t\t\t\t\t<\/div>\n\t\t<\/div>\n\t\t\t\t\t<\/div>\n\t\t<\/section>\n\t\t\t\t\t<\/div>\n\t\t<\/div>\n\t\t\t\t<div class=\"elementor-column elementor-col-50 elementor-top-column elementor-element elementor-element-80091ec\" data-id=\"80091ec\" data-element_type=\"column\" data-e-type=\"column\">\n\t\t\t<div class=\"elementor-widget-wrap elementor-element-populated\">\n\t\t\t\t\t\t<section class=\"elementor-section elementor-inner-section elementor-element elementor-element-9b5d6df elementor-section-full_width elementor-section-height-default elementor-section-height-default\" data-id=\"9b5d6df\" data-element_type=\"section\" data-e-type=\"section\">\n\t\t\t\t\t\t<div class=\"elementor-container elementor-column-gap-default\">\n\t\t\t\t\t<div class=\"elementor-column elementor-col-50 elementor-inner-column elementor-element elementor-element-9c5e05c\" data-id=\"9c5e05c\" data-element_type=\"column\" data-e-type=\"column\">\n\t\t\t<div class=\"elementor-widget-wrap elementor-element-populated\">\n\t\t\t\t\t\t<div class=\"elementor-element elementor-element-08a49a1 elementor-widget elementor-widget-image\" data-id=\"08a49a1\" data-element_type=\"widget\" data-e-type=\"widget\" data-widget_type=\"image.default\">\n\t\t\t\t<div class=\"elementor-widget-container\">\n\t\t\t\t\t\t\t\t\t\t\t\t\t\t\t<img decoding=\"async\" width=\"150\" height=\"150\" src=\"https:\/\/pffchurch.net\/wp-content\/uploads\/2022\/07\/felix.jpg\" class=\"attachment-large size-large wp-image-612\" alt=\"\" \/>\t\t\t\t\t\t\t\t\t\t\t\t\t\t\t<\/div>\n\t\t\t\t<\/div>\n\t\t\t\t<div class=\"elementor-element elementor-element-7a29e1d elementor-widget elementor-widget-text-editor\" data-id=\"7a29e1d\" data-element_type=\"widget\" data-e-type=\"widget\" data-widget_type=\"text-editor.default\">\n\t\t\t\t<div class=\"elementor-widget-container\">\n\t\t\t\t\t\t\t\t\tMinister Felix Munyam\n\n\t\t\t\t\t\t\t\t<\/div>\n\t\t\t\t<\/div>\n\t\t\t\t\t<\/div>\n\t\t<\/div>\n\t\t\t\t<div class=\"elementor-column elementor-col-50 elementor-inner-column elementor-element elementor-element-86665de\" data-id=\"86665de\" data-element_type=\"column\" data-e-type=\"column\">\n\t\t\t<div class=\"elementor-widget-wrap\">\n\t\t\t\t\t\t\t<\/div>\n\t\t<\/div>\n\t\t\t\t\t<\/div>\n\t\t<\/section>\n\t\t\t\t<div class=\"elementor-element elementor-element-ffe1ae0 elementor-widget elementor-widget-text-editor\" data-id=\"ffe1ae0\" data-element_type=\"widget\" data-e-type=\"widget\" data-widget_type=\"text-editor.default\">\n\t\t\t\t<div class=\"elementor-widget-container\">\n\t\t\t\t\t\t\t\t\tGEMEINSCHAFTLICHES GEBET\n\n\t\t\t\t\t\t\t\t<\/div>\n\t\t\t\t<\/div>\n\t\t\t\t<div class=\"elementor-element elementor-element-e1384d3 elementor-widget elementor-widget-text-editor\" data-id=\"e1384d3\" data-element_type=\"widget\" data-e-type=\"widget\" data-widget_type=\"text-editor.default\">\n\t\t\t\t<div class=\"elementor-widget-container\">\n\t\t\t\t\t\t\t\t\tJesus verspricht allen Gl\u00e4ubigen dass wo immer sich zwei oder drei Personen in Seinem Namen versammeln, da wird Er unter ihnen sein; und um was auch immer in Seinem Namen gebeten wird, wird durch den Vater erf\u00fcllt.\n\nLasst uns was gemeinschaftliches Gebet bewirkt.\t\t\t\t\t\t\t\t<\/div>\n\t\t\t\t<\/div>\n\t\t\t\t<div class=\"elementor-element elementor-element-a4a3137 elementor-widget elementor-widget-text-editor\" data-id=\"a4a3137\" data-element_type=\"widget\" data-e-type=\"widget\" data-widget_type=\"text-editor.default\">\n\t\t\t\t<div class=\"elementor-widget-container\">\n\t\t\t\t\t\t\t\t\t\u201eAber die Gemeinde in Jerusalem h\u00f6rte nicht auf, Gott um Hilfe f\u00fcr den Gefangenen zu bitten. In der letzten Nacht vor dem Prozess schlief Petrus angekettet zwischen zwei Soldaten, w\u00e4hrend zwei andere vor der Zelle Wache hielten. Pl\u00f6tzlich betrat ein Engel des Herrn die Zelle, und Licht erf\u00fcllte den Raum. Der Engel weckte Petrus, indem er ihn anstie\u00df, und sagte zu ihm: &#8222;Steh schnell auf!&#8220; Sofort fielen Petrus die Ketten von den Handgelenken. &#8222;Binde deinen G\u00fcrtel um, und zieh deine Sandalen an&#8220;, befahl ihm der Engel. &#8222;Nimm deinen Mantel, und folge mir!&#8220; Petrus ging hinter dem Engel aus der Zelle. Aber die ganze Zeit \u00fcber konnte er nicht glauben, dass all dies wirklich geschah.\n\nEr meinte, er h\u00e4tte eine Vision. (Apostelgeschichte 12,5-9 HfA)\t\t\t\t\t\t\t\t<\/div>\n\t\t\t\t<\/div>\n\t\t\t\t<div class=\"elementor-element elementor-element-9b15cbb elementor-widget elementor-widget-text-editor\" data-id=\"9b15cbb\" data-element_type=\"widget\" data-e-type=\"widget\" data-widget_type=\"text-editor.default\">\n\t\t\t\t<div class=\"elementor-widget-container\">\n\t\t\t\t\t\t\t\t\tAls Reaktion auf die Gebete der Gemeinde, kam der Engel des Herrn, um Petrus zu retten. Dies geschieht wenn wir gemeinsam f\u00fcr unsere eigene Befreiung, wie auch f\u00fcr die Befreiung anderer die sich in irgendeiner Art von Gef\u00e4ngnis befinden, beten. Das kann Krankheit, Verzweiflung oder eine andere Zwangslage sein. Gottes Versprechen sind f\u00fcr seine Kinder gemacht, aber sie passieren nicht automatisch. Er reagiert mit Wohlwollen, wenn wir Seine Versprechen einfordern. Das ist es was wir in diesem Dienst tun und die Resultate sind nichts Geringeres als Wunder.\n\nWarum solltest du dich in eine Situation beunruhigen oder sorgen, wenn die L\u00f6sung daf\u00fcr nur ein Gebet weit entfernt ist?  \t\t\t\t\t\t\t\t<\/div>\n\t\t\t\t<\/div>\n\t\t\t\t<div class=\"elementor-element elementor-element-ad19ed4 elementor-widget elementor-widget-text-editor\" data-id=\"ad19ed4\" data-element_type=\"widget\" data-e-type=\"widget\" data-widget_type=\"text-editor.default\">\n\t\t\t\t<div class=\"elementor-widget-container\">\n\t\t\t\t\t\t\t\t\tW\u00f6chentliche Gebetszeit\n\n\t\t\t\t\t\t\t\t<\/div>\n\t\t\t\t<\/div>\n\t\t\t\t<div class=\"elementor-element elementor-element-9483eb5 elementor-widget elementor-widget-text-editor\" data-id=\"9483eb5\" data-element_type=\"widget\" data-e-type=\"widget\" data-widget_type=\"text-editor.default\">\n\t\t\t\t<div class=\"elementor-widget-container\">\n\t\t\t\t\t\t\t\t\tFreitags 19\u2013 20 Uhr\n\n\t\t\t\t\t\t\t\t<\/div>\n\t\t\t\t<\/div>\n\t\t\t\t<div class=\"elementor-element elementor-element-e61721b elementor-widget elementor-widget-text-editor\" data-id=\"e61721b\" data-element_type=\"widget\" data-e-type=\"widget\" data-widget_type=\"text-editor.default\">\n\t\t\t\t<div class=\"elementor-widget-container\">\n\t\t\t\t\t\t\t\t\t<p>Diejenigen, die nicht kommen k\u00f6nnen, sind willkommen \u00fcber Zoom teilzunehmen:<br \/>ID 89973092931<br \/>PW 633543<\/p>\t\t\t\t\t\t\t\t<\/div>\n\t\t\t\t<\/div>\n\t\t\t\t<div class=\"elementor-element elementor-element-9f34f15 elementor-widget elementor-widget-text-editor\" data-id=\"9f34f15\" data-element_type=\"widget\" data-e-type=\"widget\" data-widget_type=\"text-editor.default\">\n\t\t\t\t<div class=\"elementor-widget-container\">\n\t\t\t\t\t\t\t\t\t<p>Anbetung und Gebet mit den Jungen Erwachsenen jeden letzten Freitag im Monat von 19-20:30 Uhr.<\/p>\t\t\t\t\t\t\t\t<\/div>\n\t\t\t\t<\/div>\n\t\t\t\t<div class=\"elementor-element elementor-element-544f357 elementor-widget elementor-widget-text-editor\" data-id=\"544f357\" data-element_type=\"widget\" data-e-type=\"widget\" data-widget_type=\"text-editor.default\">\n\t\t\t\t<div class=\"elementor-widget-container\">\n\t\t\t\t\t\t\t\t\t<div class=\"page\" title=\"Page 1\"><div class=\"section\"><div class=\"layoutArea\"><div class=\"column\"><div class=\"page\" title=\"Page 1\"><div class=\"section\"><div class=\"layoutArea\"><div class=\"column\"><p>Minister Felix ist f\u00fcr Anliegen da, die einen Rat erfordern. Wenn es einen Betenden gibt, ist unser Gott immer da, um zu antworten. Seid alle gesegnet!<br \/>Minister Felix Munyam<br \/><a href=\"mailto:prayers@pffchurch.net\">prayers@pffchurch.net<\/a><\/p><\/div><\/div><\/div><\/div><\/div><\/div><\/div><\/div>\t\t\t\t\t\t\t\t<\/div>\n\t\t\t\t<\/div>\n\t\t\t\t\t<\/div>\n\t\t<\/div>\n\t\t\t\t\t<\/div>\n\t\t<\/section>\n\t\t\t\t<\/div>\n\t\t","protected":false},"excerpt":{"rendered":"<p>GEBETSMOTIVATION Erinnere dich, als du durch schwierige Zeiten gehen musstest. Du dachtest niemand betet f\u00fcr dich. Aber es gab jemanden, der im Hintergrund st\u00e4ndig deinetwegen vor Gott trat, bis ein Durchbruch erzielt wurde. Ist dir bewusst, dass du erhalten wirst durch Gebet? Es mag im Moment alles gut in deinem Leben laufen, Gottseidank. Aber ich [&hellip;]<\/p>\n","protected":false},"author":1,"featured_media":0,"parent":387,"menu_order":0,"comment_status":"closed","ping_status":"closed","template":"","meta":{"site-sidebar-layout":"no-sidebar","site-content-layout":"page-builder","ast-site-content-layout":"default","site-content-style":"default","site-sidebar-style":"default","ast-global-header-display":"","ast-banner-title-visibility":"","ast-main-header-display":"","ast-hfb-above-header-display":"","ast-hfb-below-header-display":"","ast-hfb-mobile-header-display":"","site-post-title":"disabled","ast-breadcrumbs-content":"","ast-featured-img":"disabled","footer-sml-layout":"","ast-disable-related-posts":"","theme-transparent-header-meta":"default","adv-header-id-meta":"","stick-header-meta":"","header-above-stick-meta":"","header-main-stick-meta":"","header-below-stick-meta":"","astra-migrate-meta-layouts":"default","ast-page-background-enabled":"default","ast-page-background-meta":{"desktop":{"background-color":"var(--ast-global-color-4)","background-image":"","background-repeat":"repeat","background-position":"center center","background-size":"auto","background-attachment":"scroll","background-type":"","background-media":"","overlay-type":"","overlay-color":"","overlay-opacity":"","overlay-gradient":""},"tablet":{"background-color":"","background-image":"","background-repeat":"repeat","background-position":"center center","background-size":"auto","background-attachment":"scroll","background-type":"","background-media":"","overlay-type":"","overlay-color":"","overlay-opacity":"","overlay-gradient":""},"mobile":{"background-color":"","background-image":"","background-repeat":"repeat","background-position":"center center","background-size":"auto","background-attachment":"scroll","background-type":"","background-media":"","overlay-type":"","overlay-color":"","overlay-opacity":"","overlay-gradient":""}},"ast-content-background-meta":{"desktop":{"background-color":"var(--ast-global-color-5)","background-image":"","background-repeat":"repeat","background-position":"center center","background-size":"auto","background-attachment":"scroll","background-type":"","background-media":"","overlay-type":"","overlay-color":"","overlay-opacity":"","overlay-gradient":""},"tablet":{"background-color":"var(--ast-global-color-5)","background-image":"","background-repeat":"repeat","background-position":"center center","background-size":"auto","background-attachment":"scroll","background-type":"","background-media":"","overlay-type":"","overlay-color":"","overlay-opacity":"","overlay-gradient":""},"mobile":{"background-color":"var(--ast-global-color-5)","background-image":"","background-repeat":"repeat","background-position":"center center","background-size":"auto","background-attachment":"scroll","background-type":"","background-media":"","overlay-type":"","overlay-color":"","overlay-opacity":"","overlay-gradient":""}},"footnotes":""},"class_list":["post-855","page","type-page","status-publish","hentry"],"_links":{"self":[{"href":"https:\/\/pffchurch.net\/de\/wp-json\/wp\/v2\/pages\/855","targetHints":{"allow":["GET"]}}],"collection":[{"href":"https:\/\/pffchurch.net\/de\/wp-json\/wp\/v2\/pages"}],"about":[{"href":"https:\/\/pffchurch.net\/de\/wp-json\/wp\/v2\/types\/page"}],"author":[{"embeddable":true,"href":"https:\/\/pffchurch.net\/de\/wp-json\/wp\/v2\/users\/1"}],"replies":[{"embeddable":true,"href":"https:\/\/pffchurch.net\/de\/wp-json\/wp\/v2\/comments?post=855"}],"version-history":[{"count":5,"href":"https:\/\/pffchurch.net\/de\/wp-json\/wp\/v2\/pages\/855\/revisions"}],"predecessor-version":[{"id":3649,"href":"https:\/\/pffchurch.net\/de\/wp-json\/wp\/v2\/pages\/855\/revisions\/3649"}],"up":[{"embeddable":true,"href":"https:\/\/pffchurch.net\/de\/wp-json\/wp\/v2\/pages\/387"}],"wp:attachment":[{"href":"https:\/\/pffchurch.net\/de\/wp-json\/wp\/v2\/media?parent=855"}],"curies":[{"name":"wp","href":"https:\/\/api.w.org\/{rel}","templated":true}]}}