{"id":819,"date":"2022-07-03T11:13:03","date_gmt":"2022-07-03T09:13:03","guid":{"rendered":"https:\/\/pff.design-op.com\/?page_id=819"},"modified":"2023-10-09T16:25:03","modified_gmt":"2023-10-09T14:25:03","slug":"pff-geschichte","status":"publish","type":"page","link":"https:\/\/pffchurch.net\/de\/pff-geschichte\/","title":{"rendered":"DIE GESCHICHTE DER PFF KIRCHE"},"content":{"rendered":"\t\t<div data-elementor-type=\"wp-page\" data-elementor-id=\"819\" class=\"elementor elementor-819 elementor-476\" data-elementor-post-type=\"page\">\n\t\t\t\t\t\t<section class=\"elementor-section elementor-top-section elementor-element elementor-element-e98ed1b elementor-section-boxed elementor-section-height-default elementor-section-height-default\" data-id=\"e98ed1b\" data-element_type=\"section\" data-e-type=\"section\">\n\t\t\t\t\t\t<div class=\"elementor-container elementor-column-gap-no\">\n\t\t\t\t\t<div class=\"elementor-column elementor-col-50 elementor-top-column elementor-element elementor-element-afa4363\" data-id=\"afa4363\" data-element_type=\"column\" data-e-type=\"column\" data-settings=\"{&quot;background_background&quot;:&quot;classic&quot;}\">\n\t\t\t<div class=\"elementor-widget-wrap elementor-element-populated\">\n\t\t\t\t\t\t<section class=\"elementor-section elementor-inner-section elementor-element elementor-element-c3b5810 elementor-section-boxed elementor-section-height-default elementor-section-height-default\" data-id=\"c3b5810\" data-element_type=\"section\" data-e-type=\"section\" data-settings=\"{&quot;background_background&quot;:&quot;classic&quot;}\">\n\t\t\t\t\t\t<div class=\"elementor-container elementor-column-gap-no\">\n\t\t\t\t\t<div class=\"elementor-column elementor-col-100 elementor-inner-column elementor-element elementor-element-cc5c334\" data-id=\"cc5c334\" data-element_type=\"column\" data-e-type=\"column\">\n\t\t\t<div class=\"elementor-widget-wrap elementor-element-populated\">\n\t\t\t\t\t\t<div class=\"elementor-element elementor-element-8d34670 elementor-widget elementor-widget-image\" data-id=\"8d34670\" data-element_type=\"widget\" data-e-type=\"widget\" data-widget_type=\"image.default\">\n\t\t\t\t<div class=\"elementor-widget-container\">\n\t\t\t\t\t\t\t\t\t\t\t\t\t\t\t<img fetchpriority=\"high\" decoding=\"async\" width=\"465\" height=\"266\" src=\"https:\/\/pffchurch.net\/wp-content\/uploads\/2022\/07\/armychurch.jpg\" class=\"attachment-full size-full wp-image-480\" alt=\"\" srcset=\"https:\/\/pffchurch.net\/wp-content\/uploads\/2022\/07\/armychurch.jpg 465w, https:\/\/pffchurch.net\/wp-content\/uploads\/2022\/07\/armychurch-300x172.jpg 300w\" sizes=\"(max-width: 465px) 100vw, 465px\" \/>\t\t\t\t\t\t\t\t\t\t\t\t\t\t\t<\/div>\n\t\t\t\t<\/div>\n\t\t\t\t<div class=\"elementor-element elementor-element-5738156 elementor-widget elementor-widget-heading\" data-id=\"5738156\" data-element_type=\"widget\" data-e-type=\"widget\" data-widget_type=\"heading.default\">\n\t\t\t\t<div class=\"elementor-widget-container\">\n\t\t\t\t\t<h2 class=\"elementor-heading-title elementor-size-default\">DIE GESCHICHTE DER PFF KIRCHE\n\n<\/h2>\t\t\t\t<\/div>\n\t\t\t\t<\/div>\n\t\t\t\t<div class=\"elementor-element elementor-element-77486c6 elementor-widget elementor-widget-text-editor\" data-id=\"77486c6\" data-element_type=\"widget\" data-e-type=\"widget\" data-widget_type=\"text-editor.default\">\n\t\t\t\t<div class=\"elementor-widget-container\">\n\t\t\t\t\t\t\t\t\tProtestant Faith Fellowship begann 1971 mit einem Antrag von Ernest W. Armstrong vom US Milit\u00e4r und E.P. Jones, PFF\u2019s erster Diakon, f\u00fcr einen Standort,  an dem sie ihren j\u00e4hrlichen St. Johns Gottesdienst abhalten zu k\u00f6nnen. Der Antrag wurde eingereicht und von Rev. Boyd Walton, Master Sergeant auf Tempelhof Air Base, genehmigt. Der erste Gottesdienst wurde in der Kirche der Andrews Kaserne abgehalten.\t\t\t\t\t\t\t\t<\/div>\n\t\t\t\t<\/div>\n\t\t\t\t<div class=\"elementor-element elementor-element-4006637 elementor-widget elementor-widget-text-editor\" data-id=\"4006637\" data-element_type=\"widget\" data-e-type=\"widget\" data-widget_type=\"text-editor.default\">\n\t\t\t\t<div class=\"elementor-widget-container\">\n\t\t\t\t\t\t\t\t\tIn 1973 bat Rev. Walton, PFFs erster Pastor, beim kommandierenden General um Genehmigung, den Gottesdient in der Hauptkirche,\n\nder \u201eBerlin Brigade Chapel, American Community Chapel (ACC)\u201c am H\u00fcttenweg, abhalten zu k\u00f6nnen. Die Genehmigung wurde erteilt. Die Dienstvorschrift der US Armee besagte, dass es nur religi\u00f6sen Organisationen oder vom Geistlichen gest\u00fctzte Gruppen erlaubt war, das Kirchengeb\u00e4ude zu nutzen.\t\t\t\t\t\t\t\t<\/div>\n\t\t\t\t<\/div>\n\t\t\t\t<div class=\"elementor-element elementor-element-605cbea elementor-widget elementor-widget-text-editor\" data-id=\"605cbea\" data-element_type=\"widget\" data-e-type=\"widget\" data-widget_type=\"text-editor.default\">\n\t\t\t\t<div class=\"elementor-widget-container\">\n\t\t\t\t\t\t\t\t\tVon 1973 bis ca. 1984 \/ 1985 nannte sich die Gemeinde \u201eIntra-Faith\u201c. Die Gemeinde begann als Kirche f\u00fcr \u00fcberwiegend junge Erwachsene. Der erste Chor wurde geleitet von Mrs Haddie Bruster, die auch die Pianistin war. Die ersten Roben waren schwarz, gr\u00fcn und rot, die Farben der Afro Amerikaner. Die Aufgabe des Gottesdienstes war es, Jugendlichen eine bessere Alternative zu Bowlingbahnen und Gangs zu bieten, damit sie sonntags in die Kirche kommen und geistlich bereichert werden f\u00fcr eine bessere Zukunft.\t\t\t\t\t\t\t\t<\/div>\n\t\t\t\t<\/div>\n\t\t\t\t<div class=\"elementor-element elementor-element-56c21ee elementor-widget elementor-widget-text-editor\" data-id=\"56c21ee\" data-element_type=\"widget\" data-e-type=\"widget\" data-widget_type=\"text-editor.default\">\n\t\t\t\t<div class=\"elementor-widget-container\">\n\t\t\t\t\t\t\t\t\tAls die Jahre vergingen, wuchs die Anzahl der Gottesdienstteilnehmer und die Gemeinde ver\u00e4nderte sich. Junge Erwachsene, Erwachsene, Senioren und Kinder \u2013 alle kamen. Der Ablauf des Gottesdienstes wurde ge\u00e4ndert, um sich der neuen Vielfalt anzupassen. W\u00e4hrend dieser Zeit wurde die Gemeinde von verschiedenen Pastoren umsorgt, gepflegt und geh\u00fctet.\t\t\t\t\t\t\t\t<\/div>\n\t\t\t\t<\/div>\n\t\t\t\t<div class=\"elementor-element elementor-element-ea0b87b elementor-widget elementor-widget-text-editor\" data-id=\"ea0b87b\" data-element_type=\"widget\" data-e-type=\"widget\" data-widget_type=\"text-editor.default\">\n\t\t\t\t<div class=\"elementor-widget-container\">\n\t\t\t\t\t\t\t\t\t1984\/85 wurde die Gemeinde Intra-Faith unter Pastor Charles Murdock aufgel\u00f6st, in eine pastoral-gest\u00fctzte Kirchengemeinde umgewandelt und in Protestant Faith Fellowship (PFF) umbenannt. Seit jener Zeit hatte PFF folgende Pastoren: Pastor Edward Saxon, Chaplain Glen Kelso, Chaplain Jerry Robinson, Chaplain John Stepp, Rev. Ricky L. Jaspar. Seit ihrer Umwandlung versorgte PFF hunderte, ja tausende hungrige Seelen, lehrte, beriet, verheiratete, taufte und begrub viele der Gemeindemitglieder. Sie sandte viele Verk\u00fcnder in die Welt hinaus. PFF bleibt ein Leuchtfeuer in dieser dunklen Welt. PFF war und ist ein Organismus, der in Jesus Christus verwurzelt ist.\t\t\t\t\t\t\t\t<\/div>\n\t\t\t\t<\/div>\n\t\t\t\t<div class=\"elementor-element elementor-element-dc101ac elementor-widget elementor-widget-text-editor\" data-id=\"dc101ac\" data-element_type=\"widget\" data-e-type=\"widget\" data-widget_type=\"text-editor.default\">\n\t\t\t\t<div class=\"elementor-widget-container\">\n\t\t\t\t\t\t\t\t\tAls 1994 die Amerikanische Milit\u00e4rbasis nach dem Fall der Mauer und der Wiedervereinigung Deutschlands in Berlin geschlossen wurde, wurden 80% der Gemeindemitglieder von PFF in die USA oder anderswo in der Welt versetzt. In Anbetracht dieser Ver\u00e4nderung wurde auch die PFF Gemeinde beeintr\u00e4chtigt.\t\t\t\t\t\t\t\t<\/div>\n\t\t\t\t<\/div>\n\t\t\t\t<div class=\"elementor-element elementor-element-457e34e elementor-widget elementor-widget-text-editor\" data-id=\"457e34e\" data-element_type=\"widget\" data-e-type=\"widget\" data-widget_type=\"text-editor.default\">\n\t\t\t\t<div class=\"elementor-widget-container\">\n\t\t\t\t\t\t\t\t\tIm Juni 1994 erhielten die PFF Gemeindemitglieder Diakon Joseph Atuahene und Bruder Frank J. Williams Jr. eine Vision von Gott, Seine Arbeit weiterzuf\u00fchren. Also gingen sie auf die Reise f\u00fcr den Herrn. Diakon Atuahene wurde zum Pastor ordiniert und Bruder Williams zum Diakon. Sie \u00fcbernahmen das Amt vom ausscheidenden Pastor Rickey L. Jasper, der zur\u00fcck in die USA versetzt wurde. Die \u201cAmerican Community Chapel\u201d am H\u00fcttenweg wurde am 26. Juni 1994 geschlossen, aber PFF existierte weiter.\t\t\t\t\t\t\t\t<\/div>\n\t\t\t\t<\/div>\n\t\t\t\t\t<\/div>\n\t\t<\/div>\n\t\t\t\t\t<\/div>\n\t\t<\/section>\n\t\t\t\t\t<\/div>\n\t\t<\/div>\n\t\t\t\t<div class=\"elementor-column elementor-col-50 elementor-top-column elementor-element elementor-element-e08d3d4\" data-id=\"e08d3d4\" data-element_type=\"column\" data-e-type=\"column\">\n\t\t\t<div class=\"elementor-widget-wrap elementor-element-populated\">\n\t\t\t\t\t\t<div class=\"elementor-element elementor-element-cd2ef8f elementor-widget elementor-widget-text-editor\" data-id=\"cd2ef8f\" data-element_type=\"widget\" data-e-type=\"widget\" data-widget_type=\"text-editor.default\">\n\t\t\t\t<div class=\"elementor-widget-container\">\n\t\t\t\t\t\t\t\t\tDer erste Gottesdienst nach der Schlie\u00dfung wurde in Bruder Morris\u2018 Kinderklinik in der Mauerstra\u00dfe in Berlin-Kreuzberg abgehalten. Es waren nur wenige Mitglieder \u00fcbrig geblieben, aber die lobpreisten den Namen des Herrn und Gott vollbrachte wunderbare Dinge in diesem Geb\u00e4ude. Die Ge- meinde wuchs und ein gr\u00f6\u00dferes Geb\u00e4ude wurde f\u00fcr den Gottesdienst gebraucht.\n\n\t\t\t\t\t\t\t\t<\/div>\n\t\t\t\t<\/div>\n\t\t\t\t<div class=\"elementor-element elementor-element-37a36f5 elementor-widget elementor-widget-text-editor\" data-id=\"37a36f5\" data-element_type=\"widget\" data-e-type=\"widget\" data-widget_type=\"text-editor.default\">\n\t\t\t\t<div class=\"elementor-widget-container\">\n\t\t\t\t\t\t\t\t\tGott war wiederum zur rechten Zeit da und die Gemeinde \u201eZum Guten Hirten\u201c \u00f6ffnete ihre T\u00fcr f\u00fcr PFF, damit sie dort Gott anbeten konnte; Er arbeitete weiter an ihrer Bestimmung und bereitete sie auf ein neues Wunder vor.\n\n\t\t\t\t\t\t\t\t<\/div>\n\t\t\t\t<\/div>\n\t\t\t\t<div class=\"elementor-element elementor-element-a4aafab elementor-widget elementor-widget-text-editor\" data-id=\"a4aafab\" data-element_type=\"widget\" data-e-type=\"widget\" data-widget_type=\"text-editor.default\">\n\t\t\t\t<div class=\"elementor-widget-container\">\n\t\t\t\t\t\t\t\t\tEines Tages, zwei Monate sp\u00e4ter, wollten zwei Mitglieder von PFF herausfinden, was aus dem ehemaligen Kirchengeb\u00e4ude am H\u00fcttenweg geworden war. Zu ihrer \u00dcberraschung trafen sie ein ehemaliges Mitglied von PFF und er sagte ihnen, wer das Geb\u00e4ude jetzt verwaltete und wie man mit dieser Stelle in Verbindung treten k\u00f6nne. Pastor Joseph und Diakon Williams, gef\u00fchrt vom Heiligen Geist, kontaktierten das Bezirksamt von Berlin-Zehlendorf und unterschrieben den Mietvertrag f\u00fcr die Kirche. Eine Woche sp\u00e4ter war PFF zur\u00fcck in seinem Zuhause am H\u00fcttenweg. Zu diesem Zeitpunkt wurde Diakon Williams zum Assistenten des Pastors ordiniert und Gott fuhr fort, die PFF Gemeinde zu segnen.\n\n\t\t\t\t\t\t\t\t<\/div>\n\t\t\t\t<\/div>\n\t\t\t\t<div class=\"elementor-element elementor-element-936d8e0 elementor-widget elementor-widget-text-editor\" data-id=\"936d8e0\" data-element_type=\"widget\" data-e-type=\"widget\" data-widget_type=\"text-editor.default\">\n\t\t\t\t<div class=\"elementor-widget-container\">\n\t\t\t\t\t\t\t\t\tIm Dezember 1998 musste Pastor Atuahene aus famili\u00e4ren Gr\u00fcnden zur\u00fcck nach Ghana und sein bisheriger Pastor-Assistent Williams \u00fcbernahm die Verantwortung  f\u00fcr die Gemeinde. Im Oktober 1999 wurde Pastor-Assistent Williams dann von Bishop George D. Lee III von der \u201eCathedral of the Holy Spirit at Living Word Christian Centre\u201c in Augusta, Georgia zum Pastor ordiniert.\n\n\t\t\t\t\t\t\t\t<\/div>\n\t\t\t\t<\/div>\n\t\t\t\t<div class=\"elementor-element elementor-element-24e0a4b elementor-widget elementor-widget-text-editor\" data-id=\"24e0a4b\" data-element_type=\"widget\" data-e-type=\"widget\" data-widget_type=\"text-editor.default\">\n\t\t\t\t<div class=\"elementor-widget-container\">\n\t\t\t\t\t\t\t\t\tAm 19. Januar 2001 wurde der Verein \u201cProtestant Faith Fellowship \u2013 Pentecostal Church of Berlin e.V.\u201d gegr\u00fcndet, in welchem Pastor Williams der Vorsitzende ist. PFF ist weiterhin ein Zuhause f\u00fcr einen lebendigen Organismus von Gottes Leib. Pastor Williams und der Kirchenrat arbeiten hart, um die Gemeinde nach Gottes Standards vorw\u00e4rtszubringen. Viele haben Gott als ihren pers\u00f6nlichen Retter anerkannt und wurden im Namen des Herrn bei PFF getauft. Die w\u00f6chentlichen Bibelstunden in Englisch und Deutsch verschaffen die geistliche Nahrung, die so sehr gebraucht wird. PFF ist gesegnet, mit anderen Gemeinden Berlins, Deutschlands, der USA und Afrikas zusammen zu arbeiten. \u00dcber die Jahre hat der PFF Chor das Evangelium durch Gesang in viele Gebiete getragen. Sie haben Tausende gesegnet.\n\t\t\t\t\t\t\t\t<\/div>\n\t\t\t\t<\/div>\n\t\t\t\t<div class=\"elementor-element elementor-element-abd729e elementor-widget elementor-widget-text-editor\" data-id=\"abd729e\" data-element_type=\"widget\" data-e-type=\"widget\" data-widget_type=\"text-editor.default\">\n\t\t\t\t<div class=\"elementor-widget-container\">\n\t\t\t\t\t\t\t\t\tGott sei Dank, dass PFF heute noch existiert. Christus, das Oberhaupt der Kirche, lebt. Heute ist PFF eine freikirchliche Pfingstgemeinde mit Mitgliedern der internationalen christlichen Gemeinschaft, die nicht nur das Wort Gottes predigt, sondern auch durch die Gnade Gottes lebt. Die PFF Gemeinde teilt die Liebe Gottes mit anderen so, wie Jesus sie selbst liebt, um Hoffnung\n\nund Frieden zu allen Menschen zu bringen. Die Geschichte von PFF entfaltet sich kontinuierlich\u2026 und Geschichte wird gemacht.\t\t\t\t\t\t\t\t<\/div>\n\t\t\t\t<\/div>\n\t\t\t\t\t<\/div>\n\t\t<\/div>\n\t\t\t\t\t<\/div>\n\t\t<\/section>\n\t\t\t\t<\/div>\n\t\t","protected":false},"excerpt":{"rendered":"<p>DIE GESCHICHTE DER PFF KIRCHE Protestant Faith Fellowship begann 1971 mit einem Antrag von Ernest W. Armstrong vom US Milit\u00e4r und E.P. Jones, PFF\u2019s erster Diakon, f\u00fcr einen Standort, an dem sie ihren j\u00e4hrlichen St. Johns Gottesdienst abhalten zu k\u00f6nnen. Der Antrag wurde eingereicht und von Rev. Boyd Walton, Master Sergeant auf Tempelhof Air Base, [&hellip;]<\/p>\n","protected":false},"author":1,"featured_media":0,"parent":0,"menu_order":0,"comment_status":"closed","ping_status":"closed","template":"","meta":{"site-sidebar-layout":"no-sidebar","site-content-layout":"page-builder","ast-site-content-layout":"default","site-content-style":"default","site-sidebar-style":"default","ast-global-header-display":"","ast-banner-title-visibility":"","ast-main-header-display":"","ast-hfb-above-header-display":"","ast-hfb-below-header-display":"","ast-hfb-mobile-header-display":"","site-post-title":"disabled","ast-breadcrumbs-content":"","ast-featured-img":"disabled","footer-sml-layout":"","ast-disable-related-posts":"","theme-transparent-header-meta":"default","adv-header-id-meta":"","stick-header-meta":"","header-above-stick-meta":"","header-main-stick-meta":"","header-below-stick-meta":"","astra-migrate-meta-layouts":"default","ast-page-background-enabled":"default","ast-page-background-meta":{"desktop":{"background-color":"var(--ast-global-color-4)","background-image":"","background-repeat":"repeat","background-position":"center center","background-size":"auto","background-attachment":"scroll","background-type":"","background-media":"","overlay-type":"","overlay-color":"","overlay-opacity":"","overlay-gradient":""},"tablet":{"background-color":"","background-image":"","background-repeat":"repeat","background-position":"center center","background-size":"auto","background-attachment":"scroll","background-type":"","background-media":"","overlay-type":"","overlay-color":"","overlay-opacity":"","overlay-gradient":""},"mobile":{"background-color":"","background-image":"","background-repeat":"repeat","background-position":"center center","background-size":"auto","background-attachment":"scroll","background-type":"","background-media":"","overlay-type":"","overlay-color":"","overlay-opacity":"","overlay-gradient":""}},"ast-content-background-meta":{"desktop":{"background-color":"var(--ast-global-color-5)","background-image":"","background-repeat":"repeat","background-position":"center center","background-size":"auto","background-attachment":"scroll","background-type":"","background-media":"","overlay-type":"","overlay-color":"","overlay-opacity":"","overlay-gradient":""},"tablet":{"background-color":"var(--ast-global-color-5)","background-image":"","background-repeat":"repeat","background-position":"center center","background-size":"auto","background-attachment":"scroll","background-type":"","background-media":"","overlay-type":"","overlay-color":"","overlay-opacity":"","overlay-gradient":""},"mobile":{"background-color":"var(--ast-global-color-5)","background-image":"","background-repeat":"repeat","background-position":"center center","background-size":"auto","background-attachment":"scroll","background-type":"","background-media":"","overlay-type":"","overlay-color":"","overlay-opacity":"","overlay-gradient":""}},"footnotes":""},"class_list":["post-819","page","type-page","status-publish","hentry"],"_links":{"self":[{"href":"https:\/\/pffchurch.net\/de\/wp-json\/wp\/v2\/pages\/819","targetHints":{"allow":["GET"]}}],"collection":[{"href":"https:\/\/pffchurch.net\/de\/wp-json\/wp\/v2\/pages"}],"about":[{"href":"https:\/\/pffchurch.net\/de\/wp-json\/wp\/v2\/types\/page"}],"author":[{"embeddable":true,"href":"https:\/\/pffchurch.net\/de\/wp-json\/wp\/v2\/users\/1"}],"replies":[{"embeddable":true,"href":"https:\/\/pffchurch.net\/de\/wp-json\/wp\/v2\/comments?post=819"}],"version-history":[{"count":5,"href":"https:\/\/pffchurch.net\/de\/wp-json\/wp\/v2\/pages\/819\/revisions"}],"predecessor-version":[{"id":2842,"href":"https:\/\/pffchurch.net\/de\/wp-json\/wp\/v2\/pages\/819\/revisions\/2842"}],"wp:attachment":[{"href":"https:\/\/pffchurch.net\/de\/wp-json\/wp\/v2\/media?parent=819"}],"curies":[{"name":"wp","href":"https:\/\/api.w.org\/{rel}","templated":true}]}}